{"id":2148,"date":"2022-08-26T14:17:44","date_gmt":"2022-08-26T12:17:44","guid":{"rendered":"https:\/\/socjografka.pl\/sklep\/?post_type=product&#038;p=2148"},"modified":"2022-08-26T14:19:54","modified_gmt":"2022-08-26T12:19:54","slug":"szkolenie-z-grafiki-komputerowej-canva","status":"publish","type":"product","link":"https:\/\/socjografka.pl\/sklep\/produkt\/szkolenie-z-grafiki-komputerowej-canva\/","title":{"rendered":"Szkolenie z grafiki komputerowej &#8211; Canva"},"content":{"rendered":"<h2><span style=\"color: #ed004f;\">Szkolenie online z grafiki komputerowej<\/span><\/h2>\n<p>Masz w\u0142asn\u0105 firm\u0119 i chcesz projektowa\u0107 grafiki, kt\u00f3re b\u0119d\u0105 wspiera\u0107 Twoje dzia\u0142ania marketingowe? Prowadzisz bloga albo fanpage i zale\u017cy Ci, aby wyr\u00f3\u017cnia\u0142 si\u0119 swoj\u0105 estetyk\u0105? A mo\u017ce pracujesz w korporacji i masz do\u015b\u0107 czekania na proste grafiki lub prezentacje, kt\u00f3re tygodniami szykuje agencja? Bez wzgl\u0119du na Twoje motywacje, <strong>szkolenie online z grafiki komputerowej w opcji 1:1<\/strong> to idealny spos\u00f3b, by w kr\u00f3tkim czasie zapozna\u0107 si\u0119 z narz\u0119dziami, aplikacjami i trendami w projektowaniu. W Twoim tempie. I na Twoich zasadach.<\/p>\n<p>Agend\u0119 uk\u0142adam w 100% pod Twoje potrzeby. To Ty decydujesz co jest dla Ciebie najwa\u017cniejsze. A ja dobieram takie programy i \u0107wiczenia, \u017ceby wesprze\u0107 Twoje indywidualne cele. W zale\u017cno\u015bci od Twoich potrzeb dobieram czas, narz\u0119dzia i spos\u00f3b przekazania wiedzy. Martwisz si\u0119 czy poradzisz sobie podczas szkolenia? Nie b\u00f3j si\u0119 \u2013 dostosuj\u0119 program, narz\u0119dzia i spos\u00f3b przekazywania wiedzy do Twoich mo\u017cliwo\u015bci.<\/p>\n<p><strong>Przyk\u0142adowe cele szkolenia:<\/strong><\/p>\n<ol>\n<li>Tworzenie materia\u0142\u00f3w graficznych na potrzeby social medi\u00f3w<\/li>\n<li>Praca w zaawansowanymi funkcjami m.in. Canva<\/li>\n<li>Projektowanie materia\u0142\u00f3w marketingowych (bannery, ulotki, oferty, katalogi)<\/li>\n<li>Tworzenie infografik, ikon, wykres\u00f3w, tabel oraz schemat\u00f3w<\/li>\n<li>Korzystanie z bezp\u0142atnych narz\u0119dzi do projektowania graficznego<\/li>\n<\/ol>\n<div><\/div>\n<div>\n<hr \/>\n<\/div>\n<h3>W ramach szkolenie z grafiki komputerowej otrzymasz:<\/h3>\n<ul>\n<li><strong>3 godziny szkolenia online<\/strong> (platformy m.in. ZOOM, Teams, ClickMeeting czy Skype \/ bez nagrywania)<\/li>\n<li><strong>Ebook<\/strong> z pomocnymi linkami, aplikacjami, inspiracjami i praktycznymi wskaz\u00f3wkami z zakresu komunikacji wizualnej<\/li>\n<li>Analiza materia\u0142\u00f3w jakie od Ciebie otrzymam (wysy\u0142ka min. dzie\u0144 przed konsultacj\u0105)<\/li>\n<li>Konkretne wskaz\u00f3wki co zrobi\u0107, by Twoje grafiki sta\u0142y si\u0119 lepsze<\/li>\n<\/ul>\n<p>Wiem, \u017ce 3 godziny to ma\u0142o, by pozna\u0107 wszystkie tajniki zwi\u0105zane z projektowaniem graficznym. Ten kurs to dopiero pocz\u0105tek, kt\u00f3ry da Ci szersz\u0105 perspektyw\u0119 i wyja\u015bni najwa\u017cniejsze kwestie zwi\u0105zane z grafik\u0105. Je\u015bli czujesz, \u017ce potrzebujesz d\u0142u\u017cszego szkolenia, napisz do mnie, by uzyska\u0107 indywidualn\u0105 wycen\u0119.<\/p>\n<p>&nbsp;<\/p>\n<hr \/>\n<h3>Szkolenie z grafiki komputerowej: Jak wygl\u0105da wsp\u00f3\u0142praca?<\/h3>\n<p>Termin konsultacji ustalimy mailowo lub telefonicznie. Zale\u017cy mi, by w trakcie konsultacji przekaza\u0107 Ci jak najwi\u0119cej konkretnej wiedzy, dlatego prosz\u0119 o wybranie terminu w kt\u00f3rym b\u0119dziesz w stanie w 100% skoncentrowa\u0107 si\u0119 na rozmowie. W trakcie konsultacji om\u00f3wi\u0119 g\u0142\u00f3wne elementy wymagaj\u0105ce poprawy, wska\u017c\u0119 nad czym warto popracowa\u0107 i z jakich narz\u0119dzi korzysta\u0107, aby zrealizowa\u0107 wyznaczone cele. Podziel\u0119 si\u0119 te\u017c z Tob\u0105 swoim wieloletnim do\u015bwiadczeniem w zakresie tworzenia prezentacji.<\/p>\n<h3>Dlaczego zdalne szkolenie indywidualne?<\/h3>\n<div><strong>Kurs online<\/strong> odbywa si\u0119 bez wzgl\u0119du na Twoj\u0105 lokalizacj\u0119 i mo\u017ce si\u0119 odby\u0107 nawet gdy tradycyjne sale szkoleniowe s\u0105 niedost\u0119pne.<strong> Forma 1:1<\/strong> daje Ci wi\u0119ksze dopasowanie do indywidualnych potrzeb. Ponad 80% komunikacji dociera do nas dzi\u0119ki grafikom czy kr\u00f3tkim animacjom &#8211; warto wiedzie\u0107 jak tworzy\u0107 nowoczesne i skuteczne komunikaty wizualnych. Umiej\u0119tno\u015b\u0107 tworzenia atrakcyjnych grafik przyda si\u0119 ka\u017cdemu, kto ze wzgl\u0119du na zajmowane stanowisko musi tworzy\u0107, a tak\u017ce opiniowa\u0107 materia\u0142y marketingowe i wizualne (w tym np. raporty, ulotki czy prezentacje). Podczas szkolenia poka\u017c\u0119 Ci gdzie szuka\u0107 bezp\u0142atnych zdj\u0119\u0107, grafik, ikon i wzor\u00f3w. Naucz\u0119 Ci\u0119 te\u017c tworzenia profesjonalnych baner\u00f3w, infografik czy ofert. Potrzebujesz bardziej kompleksowego szkolenia &#8211; sprawd\u017a ofert\u0119 ca\u0142odziennych <a href=\"https:\/\/www.socjografka.pl\/indywidualne-szkolenie-z-projektowania-graficznego\/\">szkole\u0144 indywidualnych<\/a>. A mo\u017ce interesuje Ci\u0119 projektowanie grafik i materia\u0142\u00f3w marketingowych w PowerPoincie? Zobacz <a href=\"https:\/\/vimeo.com\/534059001\" target=\"_blank\" rel=\"noopener\">film<\/a> lub sprawd\u017a ofert\u0119 <a href=\"https:\/\/socjografka.pl\/sklep\/produkt\/konsultacja-powerpoint\/\" target=\"_blank\" rel=\"noopener\">konsultacji online z pakietu Office<\/a>.<\/div>\n<div>\n<hr \/>\n<\/div>\n<div><\/div>\n<div>Je\u015bli pracujesz w firmie w kt\u00f3rej pracuje wi\u0119cej os\u00f3b, kt\u00f3re chcia\u0142by skorzysta\u0107 z tego szkolenia, proponuj\u0119 ofert\u0119 dla grup. Wi\u0119cej m.in. pod tym <a href=\"https:\/\/www.socjografka.pl\/szkolenia\/\" target=\"_blank\" rel=\"noopener\"><em><span style=\"text-decoration: underline;\">linkiem<\/span><\/em><\/a>. Potrzebujesz wi\u0119cej szczeg\u00f3\u0142\u00f3w, napisz do mnie maila lub skontaktuj si\u0119 przez media spo\u0142eczno\u015bciowe.<\/div>\n<div class=\"row\"  id=\"row-639829590\">\n\n\t<div id=\"col-1961241401\" class=\"col medium-4 small-12 large-4\"  >\n\t\t\t\t<div class=\"col-inner\"  >\n\t\t\t\n\t\t\t\n\t<div class=\"img has-hover x md-x lg-x y md-y lg-y\" id=\"image_148583551\">\n\t\t\t\t\t\t\t\t<div class=\"img-inner dark\" >\n\t\t\t\t\t\t\t\t\t\n\t\t\t\t\t<\/div>\n\t\t\t\t\t\t\t\t\n<style>\n#image_148583551 {\n  width: 100%;\n}\n<\/style>\n\t<\/div>\n\t\n\t\t<\/div>\n\t\t\t\t\t<\/div>\n\n\t\n\n\t<div id=\"col-1580840148\" class=\"col medium-4 small-12 large-4\"  >\n\t\t\t\t<div class=\"col-inner\"  >\n\t\t\t\n\t\t\t\n\t<div class=\"img has-hover x md-x lg-x y md-y lg-y\" id=\"image_184498671\">\n\t\t\t\t\t\t\t\t<div class=\"img-inner dark\" >\n\t\t\t\t\t\t\t\t\t\n\t\t\t\t\t<\/div>\n\t\t\t\t\t\t\t\t\n<style>\n#image_184498671 {\n  width: 100%;\n}\n<\/style>\n\t<\/div>\n\t\n\t\t<\/div>\n\t\t\t\t\t<\/div>\n\n\t\n\n\t<div id=\"col-1437332007\" class=\"col medium-4 small-12 large-4\"  >\n\t\t\t\t<div class=\"col-inner\"  >\n\t\t\t\n\t\t\t\n\t<div class=\"img has-hover x md-x lg-x y md-y lg-y\" id=\"image_1884885505\">\n\t\t\t\t\t\t\t\t<div class=\"img-inner dark\" >\n\t\t\t\t\t\t\t\t\t\n\t\t\t\t\t<\/div>\n\t\t\t\t\t\t\t\t\n<style>\n#image_1884885505 {\n  width: 100%;\n}\n<\/style>\n\t<\/div>\n\t\n\t\t<\/div>\n\t\t\t\t\t<\/div>\n\n\t\n<\/div>\n<div class=\"row\"  id=\"row-1277302284\">\n\n\t<div id=\"col-695224130\" class=\"col medium-4 small-12 large-4\"  >\n\t\t\t\t<div class=\"col-inner\"  >\n\t\t\t\n\t\t\t\n\t\t<\/div>\n\t\t\t\t\t<\/div>\n\n\t\n\n\t<div id=\"col-835494092\" class=\"col medium-4 small-12 large-4\"  >\n\t\t\t\t<div class=\"col-inner\"  >\n\t\t\t\n\t\t\t\n\t\t<\/div>\n\t\t\t\t\t<\/div>\n\n\t\n\n\t<div id=\"col-184107592\" class=\"col medium-4 small-12 large-4\"  >\n\t\t\t\t<div class=\"col-inner\"  >\n\t\t\t\n\t\t\t\n\t\t<\/div>\n\t\t\t\t\t<\/div>\n\n\t\n<\/div>\n<div class=\"row\"  id=\"row-1443247143\">\n\n\t<div id=\"col-490661056\" class=\"col medium-9 small-12 large-9\"  >\n\t\t\t\t<div class=\"col-inner text-left\"  >\n\t\t\t\n\t\t\t\n<h3 class=\"accordion_title\">NAJCZ\u0118\u015aCIEJ ZADAWANE PYTANIA:<\/h3><div class=\"accordion\">\n\t<div id=\"accordion-4185782056\" class=\"accordion-item\">\n\t\t<a id=\"accordion-4185782056-label\" class=\"accordion-title plain\" href=\"#accordion-item-czemu-warto-mi-zaufa\u0107?\" aria-expanded=\"false\" aria-controls=\"accordion-4185782056-content\">\n\t\t\t<button class=\"toggle\" aria-label=\"Prze\u0142\u0105cznik\"><i class=\"icon-angle-down\" aria-hidden=\"true\"><\/i><\/button>\n\t\t\t<span>Czemu warto mi zaufa\u0107?<\/span>\n\t\t<\/a>\n\t\t<div id=\"accordion-4185782056-content\" class=\"accordion-inner\" aria-labelledby=\"accordion-4185782056-label\">\n\t\t\t\n<p><span style=\"background-color: #ffffff;\">Do\u015bwiadczenie zdobywa\u0142am w mi\u0119dzynarodowych instytucjach, pracuj\u0105c bezpo\u015brednio z cz\u0142onkami zarz\u0105d\u00f3w i wy\u017csz\u0105 kadr\u0105 menad\u017cersk\u0105. Przez kilkana\u015bcie lat projektowa\u0142am dziesi\u0105tki materia\u0142\u00f3w graficznych i prezentacji. To pozwoli\u0142o mi na zdobycie praktycznej wiedzy dotycz\u0105cej projektowania materia\u0142\u00f3w i prezentacji, kt\u00f3re skutecznie wspieraj\u0105 biznes.\u00a0Projektuj\u0119 zar\u00f3wno dla globalnych marek, jaki i dla os\u00f3b indywidualnych. Do tej pory mia\u0142am przyjemno\u015b\u0107 wsp\u00f3\u0142pracowa\u0107 m.in. z firmami z bran\u017cy modowej (np. Reserved), finansowej (np. DNB Nord, AXA, TU Europa), FMCG (np. Carlsberg), motoryzacyjnej oraz dla instytucji publicznych i o\u015bwiatowych.\u00a0<\/span><\/p>\n<p>Poza udokumentowanym <a href=\"https:\/\/socjografka.myportfolio.com\/\" target=\"_blank\" rel=\"noopener noreferrer\">portfolio<\/a> i wieloletnim sta\u017cem w bran\u017cy, mam za sob\u0105 solidne wykszta\u0142cenie kierunkowe \u2013 posiadam dyplomy uko\u0144czenia studi\u00f3w na filologii polskiej (specjalizacja komunikacja do medi\u00f3w) na UW oraz Grafiki komputerowej na WIT pod auspicjami PAN. Prowadz\u0119 r\u00f3wnie\u017c popularnego <strong><a href=\"https:\/\/www.socjografka.pl\/blog\/\">bloga eksperckiego<\/a><\/strong>, po\u015bwi\u0119conego m. in. tematyce projektowania prezentacji.<\/p>\n\t\t<\/div>\n\t<\/div>\n\t\n\t<div id=\"accordion-3292543323\" class=\"accordion-item\">\n\t\t<a id=\"accordion-3292543323-label\" class=\"accordion-title plain\" href=\"#accordion-item-w-jakim-terminie-odb\u0119dzie-si\u0119-konsultacja?\" aria-expanded=\"false\" aria-controls=\"accordion-3292543323-content\">\n\t\t\t<button class=\"toggle\" aria-label=\"Prze\u0142\u0105cznik\"><i class=\"icon-angle-down\" aria-hidden=\"true\"><\/i><\/button>\n\t\t\t<span>W jakim terminie odb\u0119dzie si\u0119 konsultacja?<\/span>\n\t\t<\/a>\n\t\t<div id=\"accordion-3292543323-content\" class=\"accordion-inner\" aria-labelledby=\"accordion-3292543323-label\">\n\t\t\t\n<p>To Ty decydujesz kiedy um\u00f3wimy si\u0119 na rozmow\u0119 telefoniczn\u0105. Potrzebuj\u0119 oko\u0142o 3 dni na przejrzenie Twojego materia\u0142u i przygotowanie do konsultacji. Pracuj\u0119 w weekendy oraz wieczorami, wi\u0119c jestem pewna, \u017ce uda nam si\u0119 znale\u017a\u0107 pasuj\u0105cy termin.<\/p>\n\t\t<\/div>\n\t<\/div>\n\t\n\t<div id=\"accordion-1917522055\" class=\"accordion-item\">\n\t\t<a id=\"accordion-1917522055-label\" class=\"accordion-title plain\" href=\"#accordion-item-czy-otrzymam-faktur\u0119-vat?\" aria-expanded=\"false\" aria-controls=\"accordion-1917522055-content\">\n\t\t\t<button class=\"toggle\" aria-label=\"Prze\u0142\u0105cznik\"><i class=\"icon-angle-down\" aria-hidden=\"true\"><\/i><\/button>\n\t\t\t<span>Czy otrzymam faktur\u0119 Vat?<\/span>\n\t\t<\/a>\n\t\t<div id=\"accordion-1917522055-content\" class=\"accordion-inner\" aria-labelledby=\"accordion-1917522055-label\">\n\t\t\t\n<p>Po ka\u017cdej konsultacji wystawiam faktur\u0119 Vat na dane kt\u00f3re otrzymam w procesie zakupowym.<\/p>\n\t\t<\/div>\n\t<\/div>\n\t\n<\/div>\n\t\t<\/div>\n\t\t\t\t\n<style>\n#col-490661056 > .col-inner {\n  padding: 0px 0px 0px 0px;\n  margin: 0px 0px 0px 28px;\n}\n<\/style>\n\t<\/div>\n\n\t\n\n\t<div id=\"col-946117333\" class=\"col medium-3 small-12 large-3\"  >\n\t\t\t\t<div class=\"col-inner\"  >\n\t\t\t\n\t\t\t\n\t\t<\/div>\n\t\t\t\t\t<\/div>\n\n\t\n\n<style>\n#row-1443247143 > .col > .col-inner {\n  padding: 0px 0px 0px 0px;\n}\n<\/style>\n<\/div>\n<div class=\"row\"  id=\"row-1486832695\">\n\n\t<div id=\"col-678937051\" class=\"col medium-9 small-12 large-9\"  >\n\t\t\t\t<div class=\"col-inner\"  >\n\t\t\t\n\t\t\t\n<a href=\"https:\/\/www.socjografka.pl\/o-mnie\/\" target=\"_blank\" class=\"button primary is-outline is-small expand\" rel=\"noopener\" >\n\t<i class=\"icon-plus\" aria-hidden=\"true\"><\/i>\t<span>Wi\u0119cej unformacji na m\u00f3j temat<\/span>\n\t<\/a>\n\n\t\t<\/div>\n\t\t\t\t\n<style>\n#col-678937051 > .col-inner {\n  margin: 0px 0px 0px 28px;\n}\n<\/style>\n\t<\/div>\n\n\t\n<\/div>\n","protected":false},"excerpt":{"rendered":"<p><strong>Naucz si\u0119 tworzy\u0107 profesjonaln\u0105 komunikacj\u0119 marketingow\u0105<\/strong>, kt\u00f3ra skutecznie zadba o wizerunek firmy. Po kursie zaczniesz samodzielnie projektowa\u0107 nowoczesne materia\u0142y graficzne, wykorzystuj\u0105c przy tym bezp\u0142atne narz\u0119dzia, aplikacje i banki zdj\u0119\u0107. Przy okazji szkolenie z grafiki komputerowej pomo\u017ce Ci zmniejszy\u0107 koszty.<\/p>\n","protected":false},"featured_media":2029,"comment_status":"closed","ping_status":"closed","template":"","meta":{"_acf_changed":false,"_exactmetrics_skip_tracking":false,"_exactmetrics_sitenote_active":false,"_exactmetrics_sitenote_note":"","_exactmetrics_sitenote_category":0},"product_brand":[],"product_cat":[68],"product_tag":[64,56,65],"class_list":{"0":"post-2148","1":"product","2":"type-product","3":"status-publish","4":"has-post-thumbnail","6":"product_cat-usluga","7":"product_tag-nowoczesne-prezentacje","8":"product_tag-powerpoint","9":"product_tag-prezentacje-biznesowe","11":"first","12":"instock","13":"featured","14":"downloadable","15":"virtual","16":"taxable","17":"purchasable","18":"product-type-simple"},"acf":[],"yoast_head":"<!-- This site is optimized with the Yoast SEO plugin v27.1.1 - https:\/\/yoast.com\/product\/yoast-seo-wordpress\/ -->\n<title>Szkolenie z grafiki komputerowej - syntetyczny kurs online<\/title>\n<meta name=\"description\" content=\"Szkolenie z grafiki komputerowej to idealne rozwi\u0105zanie gdy chcesz samodzielnie projektowa\u0107 pi\u0119kne i profesjonalne materia\u0142y wizualne\" \/>\n<meta name=\"robots\" content=\"index, follow, max-snippet:-1, max-image-preview:large, max-video-preview:-1\" \/>\n<link rel=\"canonical\" href=\"https:\/\/socjografka.pl\/sklep\/produkt\/szkolenie-z-grafiki-komputerowej-canva\/\" \/>\n<meta property=\"og:locale\" content=\"pl_PL\" \/>\n<meta property=\"og:type\" content=\"article\" \/>\n<meta property=\"og:title\" content=\"Szkolenie z grafiki komputerowej - syntetyczny kurs online\" \/>\n<meta property=\"og:description\" content=\"Szkolenie z grafiki komputerowej to idealne rozwi\u0105zanie gdy chcesz samodzielnie projektowa\u0107 pi\u0119kne i profesjonalne materia\u0142y wizualne\" \/>\n<meta property=\"og:url\" content=\"https:\/\/socjografka.pl\/sklep\/produkt\/szkolenie-z-grafiki-komputerowej-canva\/\" \/>\n<meta property=\"og:site_name\" content=\"Socjografka: sklep on-line: szablony prezentacji i grafik\" \/>\n<meta property=\"article:modified_time\" content=\"2022-08-26T12:19:54+00:00\" \/>\n<meta property=\"og:image\" content=\"https:\/\/socjografka.pl\/sklep\/wp-content\/uploads\/2021\/04\/kurs-grafiki-online.jpg\" \/>\n\t<meta property=\"og:image:width\" content=\"1200\" \/>\n\t<meta property=\"og:image:height\" content=\"1200\" \/>\n\t<meta property=\"og:image:type\" content=\"image\/jpeg\" \/>\n<meta name=\"twitter:card\" content=\"summary_large_image\" \/>\n<meta name=\"twitter:label1\" content=\"Szacowany czas czytania\" \/>\n\t<meta name=\"twitter:data1\" content=\"4 minuty\" \/>\n<script type=\"application\/ld+json\" class=\"yoast-schema-graph\">{\"@context\":\"https:\/\/schema.org\",\"@graph\":[{\"@type\":\"WebPage\",\"@id\":\"https:\/\/socjografka.pl\/sklep\/produkt\/szkolenie-z-grafiki-komputerowej-canva\/\",\"url\":\"https:\/\/socjografka.pl\/sklep\/produkt\/szkolenie-z-grafiki-komputerowej-canva\/\",\"name\":\"Szkolenie z grafiki komputerowej - syntetyczny kurs online\",\"isPartOf\":{\"@id\":\"https:\/\/socjografka.pl\/sklep\/#website\"},\"primaryImageOfPage\":{\"@id\":\"https:\/\/socjografka.pl\/sklep\/produkt\/szkolenie-z-grafiki-komputerowej-canva\/#primaryimage\"},\"image\":{\"@id\":\"https:\/\/socjografka.pl\/sklep\/produkt\/szkolenie-z-grafiki-komputerowej-canva\/#primaryimage\"},\"thumbnailUrl\":\"https:\/\/socjografka.pl\/sklep\/wp-content\/uploads\/2021\/04\/kurs-grafiki-online.jpg\",\"datePublished\":\"2022-08-26T12:17:44+00:00\",\"dateModified\":\"2022-08-26T12:19:54+00:00\",\"description\":\"Szkolenie z grafiki komputerowej to idealne rozwi\u0105zanie gdy chcesz samodzielnie projektowa\u0107 pi\u0119kne i profesjonalne materia\u0142y wizualne\",\"breadcrumb\":{\"@id\":\"https:\/\/socjografka.pl\/sklep\/produkt\/szkolenie-z-grafiki-komputerowej-canva\/#breadcrumb\"},\"inLanguage\":\"pl-PL\",\"potentialAction\":[{\"@type\":\"ReadAction\",\"target\":[\"https:\/\/socjografka.pl\/sklep\/produkt\/szkolenie-z-grafiki-komputerowej-canva\/\"]}]},{\"@type\":\"ImageObject\",\"inLanguage\":\"pl-PL\",\"@id\":\"https:\/\/socjografka.pl\/sklep\/produkt\/szkolenie-z-grafiki-komputerowej-canva\/#primaryimage\",\"url\":\"https:\/\/socjografka.pl\/sklep\/wp-content\/uploads\/2021\/04\/kurs-grafiki-online.jpg\",\"contentUrl\":\"https:\/\/socjografka.pl\/sklep\/wp-content\/uploads\/2021\/04\/kurs-grafiki-online.jpg\",\"width\":1200,\"height\":1200,\"caption\":\"Szkolenie z grafiki komputerowej\"},{\"@type\":\"BreadcrumbList\",\"@id\":\"https:\/\/socjografka.pl\/sklep\/produkt\/szkolenie-z-grafiki-komputerowej-canva\/#breadcrumb\",\"itemListElement\":[{\"@type\":\"ListItem\",\"position\":1,\"name\":\"Strona g\u0142\u00f3wna\",\"item\":\"https:\/\/socjografka.pl\/sklep\/\"},{\"@type\":\"ListItem\",\"position\":2,\"name\":\"Sklep\",\"item\":\"https:\/\/socjografka.pl\/sklep\/sklep\/\"},{\"@type\":\"ListItem\",\"position\":3,\"name\":\"Szkolenie z grafiki komputerowej &#8211; Canva\"}]},{\"@type\":\"WebSite\",\"@id\":\"https:\/\/socjografka.pl\/sklep\/#website\",\"url\":\"https:\/\/socjografka.pl\/sklep\/\",\"name\":\"Socjografka: sklep on-line: szablony prezentacji i grafik\",\"description\":\"szablony i wzory prezentacji, dyplom\u00f3w, grafik do social media\",\"potentialAction\":[{\"@type\":\"SearchAction\",\"target\":{\"@type\":\"EntryPoint\",\"urlTemplate\":\"https:\/\/socjografka.pl\/sklep\/?s={search_term_string}\"},\"query-input\":{\"@type\":\"PropertyValueSpecification\",\"valueRequired\":true,\"valueName\":\"search_term_string\"}}],\"inLanguage\":\"pl-PL\"}]}<\/script>\n<!-- \/ Yoast SEO plugin. -->","yoast_head_json":{"title":"Szkolenie z grafiki komputerowej - syntetyczny kurs online","description":"Szkolenie z grafiki komputerowej to idealne rozwi\u0105zanie gdy chcesz samodzielnie projektowa\u0107 pi\u0119kne i profesjonalne materia\u0142y wizualne","robots":{"index":"index","follow":"follow","max-snippet":"max-snippet:-1","max-image-preview":"max-image-preview:large","max-video-preview":"max-video-preview:-1"},"canonical":"https:\/\/socjografka.pl\/sklep\/produkt\/szkolenie-z-grafiki-komputerowej-canva\/","og_locale":"pl_PL","og_type":"article","og_title":"Szkolenie z grafiki komputerowej - syntetyczny kurs online","og_description":"Szkolenie z grafiki komputerowej to idealne rozwi\u0105zanie gdy chcesz samodzielnie projektowa\u0107 pi\u0119kne i profesjonalne materia\u0142y wizualne","og_url":"https:\/\/socjografka.pl\/sklep\/produkt\/szkolenie-z-grafiki-komputerowej-canva\/","og_site_name":"Socjografka: sklep on-line: szablony prezentacji i grafik","article_modified_time":"2022-08-26T12:19:54+00:00","og_image":[{"width":1200,"height":1200,"url":"https:\/\/socjografka.pl\/sklep\/wp-content\/uploads\/2021\/04\/kurs-grafiki-online.jpg","type":"image\/jpeg"}],"twitter_card":"summary_large_image","twitter_misc":{"Szacowany czas czytania":"4 minuty"},"schema":{"@context":"https:\/\/schema.org","@graph":[{"@type":"WebPage","@id":"https:\/\/socjografka.pl\/sklep\/produkt\/szkolenie-z-grafiki-komputerowej-canva\/","url":"https:\/\/socjografka.pl\/sklep\/produkt\/szkolenie-z-grafiki-komputerowej-canva\/","name":"Szkolenie z grafiki komputerowej - syntetyczny kurs online","isPartOf":{"@id":"https:\/\/socjografka.pl\/sklep\/#website"},"primaryImageOfPage":{"@id":"https:\/\/socjografka.pl\/sklep\/produkt\/szkolenie-z-grafiki-komputerowej-canva\/#primaryimage"},"image":{"@id":"https:\/\/socjografka.pl\/sklep\/produkt\/szkolenie-z-grafiki-komputerowej-canva\/#primaryimage"},"thumbnailUrl":"https:\/\/socjografka.pl\/sklep\/wp-content\/uploads\/2021\/04\/kurs-grafiki-online.jpg","datePublished":"2022-08-26T12:17:44+00:00","dateModified":"2022-08-26T12:19:54+00:00","description":"Szkolenie z grafiki komputerowej to idealne rozwi\u0105zanie gdy chcesz samodzielnie projektowa\u0107 pi\u0119kne i profesjonalne materia\u0142y wizualne","breadcrumb":{"@id":"https:\/\/socjografka.pl\/sklep\/produkt\/szkolenie-z-grafiki-komputerowej-canva\/#breadcrumb"},"inLanguage":"pl-PL","potentialAction":[{"@type":"ReadAction","target":["https:\/\/socjografka.pl\/sklep\/produkt\/szkolenie-z-grafiki-komputerowej-canva\/"]}]},{"@type":"ImageObject","inLanguage":"pl-PL","@id":"https:\/\/socjografka.pl\/sklep\/produkt\/szkolenie-z-grafiki-komputerowej-canva\/#primaryimage","url":"https:\/\/socjografka.pl\/sklep\/wp-content\/uploads\/2021\/04\/kurs-grafiki-online.jpg","contentUrl":"https:\/\/socjografka.pl\/sklep\/wp-content\/uploads\/2021\/04\/kurs-grafiki-online.jpg","width":1200,"height":1200,"caption":"Szkolenie z grafiki komputerowej"},{"@type":"BreadcrumbList","@id":"https:\/\/socjografka.pl\/sklep\/produkt\/szkolenie-z-grafiki-komputerowej-canva\/#breadcrumb","itemListElement":[{"@type":"ListItem","position":1,"name":"Strona g\u0142\u00f3wna","item":"https:\/\/socjografka.pl\/sklep\/"},{"@type":"ListItem","position":2,"name":"Sklep","item":"https:\/\/socjografka.pl\/sklep\/sklep\/"},{"@type":"ListItem","position":3,"name":"Szkolenie z grafiki komputerowej &#8211; Canva"}]},{"@type":"WebSite","@id":"https:\/\/socjografka.pl\/sklep\/#website","url":"https:\/\/socjografka.pl\/sklep\/","name":"Socjografka: sklep on-line: szablony prezentacji i grafik","description":"szablony i wzory prezentacji, dyplom\u00f3w, grafik do social media","potentialAction":[{"@type":"SearchAction","target":{"@type":"EntryPoint","urlTemplate":"https:\/\/socjografka.pl\/sklep\/?s={search_term_string}"},"query-input":{"@type":"PropertyValueSpecification","valueRequired":true,"valueName":"search_term_string"}}],"inLanguage":"pl-PL"}]}},"_links":{"self":[{"href":"https:\/\/socjografka.pl\/sklep\/wp-json\/wp\/v2\/product\/2148","targetHints":{"allow":["GET"]}}],"collection":[{"href":"https:\/\/socjografka.pl\/sklep\/wp-json\/wp\/v2\/product"}],"about":[{"href":"https:\/\/socjografka.pl\/sklep\/wp-json\/wp\/v2\/types\/product"}],"replies":[{"embeddable":true,"href":"https:\/\/socjografka.pl\/sklep\/wp-json\/wp\/v2\/comments?post=2148"}],"wp:featuredmedia":[{"embeddable":true,"href":"https:\/\/socjografka.pl\/sklep\/wp-json\/wp\/v2\/media\/2029"}],"wp:attachment":[{"href":"https:\/\/socjografka.pl\/sklep\/wp-json\/wp\/v2\/media?parent=2148"}],"wp:term":[{"taxonomy":"product_brand","embeddable":true,"href":"https:\/\/socjografka.pl\/sklep\/wp-json\/wp\/v2\/product_brand?post=2148"},{"taxonomy":"product_cat","embeddable":true,"href":"https:\/\/socjografka.pl\/sklep\/wp-json\/wp\/v2\/product_cat?post=2148"},{"taxonomy":"product_tag","embeddable":true,"href":"https:\/\/socjografka.pl\/sklep\/wp-json\/wp\/v2\/product_tag?post=2148"}],"curies":[{"name":"wp","href":"https:\/\/api.w.org\/{rel}","templated":true}]}}