{"id":63,"date":"2018-04-08T21:54:23","date_gmt":"2018-04-08T19:54:23","guid":{"rendered":"http:\/\/socjografka.pl\/sklep\/?page_id=63"},"modified":"2020-01-13T17:04:54","modified_gmt":"2020-01-13T16:04:54","slug":"polityka-prywatnosci","status":"publish","type":"page","link":"https:\/\/socjografka.pl\/sklep\/polityka-prywatnosci\/","title":{"rendered":"Polityka Prywatno\u015bci"},"content":{"rendered":"<h1>POLITYKA PRYWATNO\u015aCI I PLIK\u00d3W COOKIES<\/h1>\n<p class=\"margin-five\">Dokument ten opisuje zasady post\u0119powania z danymi osobowymi oraz wykorzystywania plik\u00f3w cookies i innych technologii w ramach strony internetowej\u00a0<strong>https:\/\/www.socjografka.pl\/sklep<\/strong>\u00a0Administratorem strony jest Dominika Siwi\u0144ska, prowadz\u0105ca dzia\u0142alno\u015b\u0107 gospodarcz\u0105 pod nazw\u0105 Socjografka Dominika Siwi\u0144ska, ul. Miko\u0142aja Reja 47, 05-806 Granica, NIP 534-225-29-48. Kontakt z administratorem jest mo\u017cliwy pod adresem e-mail\u00a0<strong><a href=\"mailto:kontakt@socjografka.pl\">kontakt@socjografka.pl<\/a>.<\/strong><\/p>\n<hr \/>\n<h3>Polityka prywatno\u015bci \u2013 esencja<\/h3>\n<p>Je\u015bli Ty te\u017c nie lubisz czyta\u0107 d\u0142ugich regulamin\u00f3w, przygotowa\u0142am dla Ciebie esencj\u0119 z najistotniejszymi informacjami zwi\u0105zanymi z ochron\u0105 Twojej prywatno\u015bci.\u00a0Korzystam z kilku bardzo popularnych narz\u0119dzi:<\/p>\n<ul>\n<li><strong>Google Analytics<\/strong>\u00a0Dzi\u0119ki Google Analytics zbieram informacje na temat Twoich odwiedzin strony i wiem m.in. jakie podstrony wy\u015bwietlasz, ile czasu tam sp\u0119dzasz czy te\u017c kt\u00f3re strony ciesz\u0105 si\u0119 najwi\u0119ksz\u0105 popularno\u015bci\u0105. W tym celu wykorzystuj\u0119 pliki cookies firmy Google LLC dotycz\u0105ce us\u0142ugi Google Analytics. W ramach Google Analytics zbieram te\u017c dane demograficzne oraz dane o zainteresowaniach. Co wa\u017cne: nie mog\u0119 w ten spos\u00f3b zidentyfikowa\u0107 Ciebie jako konkretniej osoby, widz\u0119 jedynie zagregowane dane. W ramach ustawie\u0144 plik\u00f3w cookies mo\u017cesz zadecydowa\u0107, czy wyra\u017casz zgod\u0119 na zbieranie o Tobie powy\u017cszych danych, czy te\u017c nie.<\/li>\n<li><strong>Facebook Pixel<\/strong>\u00a0Korzystam z narz\u0119dzi marketingowych, takich jak Facebook Pixel, by kierowa\u0107 do Ciebie spersonalizowane reklamy w serwisie Facebook. Wi\u0105\u017ce si\u0119 to z wykorzystywaniem plik\u00f3w cookies firmy Facebook. Co wa\u017cne \u2013 tu te\u017c nie mog\u0119 zidentyfikowa\u0107 Ciebie jako konkretniej osoby, widz\u0119 jedynie zagregowane dane. W ramach ustawie\u0144 plik\u00f3w cookies mo\u017cesz zadecydowa\u0107, czy wyra\u017casz zgod\u0119 na korzystanie przeze mnie w Twoim przypadku z Pixela Facebooka, czy nie.<\/li>\n<li><strong>Social media<\/strong>\u00a0Zapewniam mo\u017cliwo\u015b\u0107 korzystania z funkcji spo\u0142eczno\u015bciowych, takich jak udost\u0119pnianie tre\u015bci w serwisach spo\u0142eczno\u015bciowych. Korzystanie z tych funkcji mo\u017ce wi\u0105za\u0107 si\u0119 z wykorzystywaniem plik\u00f3w cookies administrator\u00f3w serwis\u00f3w spo\u0142eczno\u015bciowych takich jak Facebook, Instagram, Twitter, Pinterest, LinkedIn.<\/li>\n<li>Wykorzystuj\u0119 pliki cookies w\u0142asne w celu prawid\u0142owego dzia\u0142ania strony.<\/li>\n<\/ul>\n<p>Dodaj\u0105c komentarz, zapisuj\u0105c si\u0119 do newslettera czy na kurs lub pisz\u0105c do mnie maila, przekazujesz mi swoje dane osobowe. Z swojej strony gwarantuj\u0119 Ci, \u017ce Twoje dane pozostan\u0105 poufne, bezpieczne i nie zostan\u0105 udost\u0119pnione jakimkolwiek podmiotom trzecim bez Twojej wyra\u017anej zgody. Przetwarzanie danych osobowych powierzam tylko sprawdzonym i zaufanym podmiotom \u015bwiadcz\u0105cym us\u0142ugi zwi\u0105zane z przetwarzaniem danych osobowych.<\/p>\n<p>Je\u017celi powy\u017csze informacje nie s\u0105 dla Ciebie wystarczaj\u0105ce, poni\u017cej znajdziesz rozszerzon\u0105 polityk\u0119 prywatno\u015bci i polityk\u0119 plik\u00f3w cookies.<\/p>\n<h3>Dane osobowe<\/h3>\n<p>Administratorem danych osobowych U\u017cytkownika jest Administrator, wskazany na pocz\u0105tku dokumentu. U\u017cytkownik mo\u017ce przekazywa\u0107 swoje dane osobowe Administratorowi za pomoc\u0105 formularzy dost\u0119pnych na Stronie, takich jak formularz zapisu na newsletter lub kurs czy formularze kontaktowe. Dane przekazane Administratorowi przetwarzane s\u0105 w celu dostarczenia U\u017cytkownikowi newslettera, informacji o us\u0142ugach czy produktach.<\/p>\n<p>Administrator gwarantuje poufno\u015b\u0107 wszelkich przekazanych mu danych osobowych. Podanie danych jest zawsze dobrowolne, ale niezb\u0119dne do podj\u0119cia przez U\u017cytkownika akcji, do kt\u00f3rej przeznaczony jest dany formularz. Administrator nie udost\u0119pnia przekazanych mu danych jakimkolwiek podmiotom trzecim. Dane osobowe s\u0105 gromadzone z nale\u017cyt\u0105 staranno\u015bci\u0105 i odpowiednio chronione przed dost\u0119pem do nich przez osoby do tego nieupowa\u017cnione.<\/p>\n<p>Zawsze mo\u017cesz zwr\u00f3ci\u0107 si\u0119 do mnie z \u017c\u0105daniem udost\u0119pnienia Ci informacji o tym, jakie dane na Tw\u00f3j temat posiadam oraz w jakich celach je przetwarzam. Wystarczy, \u017ce wy\u015blesz wiadomo\u015b\u0107 na adres kontakt@socjografka.pl. Do\u0142o\u017cy\u0142am wszelkich stara\u0144, by interesuj\u0105ce Ci\u0119 informacje zosta\u0142y wyczerpuj\u0105co przedstawione w niniejszej polityce prywatno\u015bci. Podany powy\u017cej adres e-mail mo\u017cesz wykorzysta\u0107 r\u00f3wnie\u017c w razie jakichkolwiek pyta\u0144 zwi\u0105zanych z przetwarzaniem Twoich danych osobowych.<\/p>\n<h4>U\u017cytkownikowi przys\u0142uguj\u0105 nast\u0119puj\u0105ce uprawnienia:<\/h4>\n<ul>\n<li>prawo do \u017c\u0105dania dost\u0119pu do swoich danych, ich sprostowania, usuni\u0119cia lub ograniczenia przetwarzania;<\/li>\n<li>prawo do wniesienia sprzeciwu wobec przetwarzania;<\/li>\n<li>prawo do przenoszenia danych;<\/li>\n<li>prawo do cofni\u0119cia zgody na przetwarzanie danych osobowych w okre\u015blonym celu, je\u017celi U\u017cytkownik uprzednio tak\u0105 zgod\u0119 wyrazi\u0142;<\/li>\n<li>prawo do wniesienia skargi do organu nadzorczego w zwi\u0105zku z przetwarzaniem danych osobowych przez Administratora.<\/li>\n<\/ul>\n<p>Wszystkie podmioty, kt\u00f3rym powierzam przetwarzanie danych osobowych gwarantuj\u0105 stosowanie odpowiednich \u015brodk\u00f3w ochrony i bezpiecze\u0144stwa danych osobowych wymaganych przez przepisy prawa. Administrator informuje niniejszym U\u017cytkownika, \u017ce powierza przetwarzanie danych osobowych nast\u0119puj\u0105cym podmiotom:<\/p>\n<ul>\n<li><strong>Vires Sp. z o.o.<\/strong>\u00a039-400 Tarnobrzeg, ul. Zwierzyniecka 12; NIP: 867-21-89-640 \u2013 w celu przetwarzania danych niezb\u0119dnych do wystawiania faktur<\/li>\n<li><strong>Mad Ventures Patryk Kozio\u0142<\/strong>, Nied\u017awiedzia 29B, 02-737 Warszawa, NIP 538 175 39 91 \u2013 w celu przechowywania danych osobowych na serwerze;<\/li>\n<li><strong>UAB MailerLite<\/strong>, Paupio 28, Vilnius, Lithuania, 302942057, LT100007448516 \u2013 w celu korzystania z systemu mailingowego MailerLite, s\u0142u\u017c\u0105cego do przesy\u0142ania newslettera.<\/li>\n<\/ul>\n<h3>Cele i czynno\u015bci przetwarzania<\/h3>\n<ul>\n<li><strong>Kontakt e-mailowy.\u00a0<\/strong>Kontaktuj\u0105c si\u0119 ze mn\u0105 za po\u015brednictwem poczty elektronicznej, w tym r\u00f3wnie\u017c przesy\u0142aj\u0105c zapytanie poprzez formularz kontaktowy, w spos\u00f3b naturalny przekazujesz mi sw\u00f3j adres e-mail jako adres nadawcy wiadomo\u015bci. Ponadto, w tre\u015bci wiadomo\u015bci mo\u017cesz zawrze\u0107 r\u00f3wnie\u017c inne dane osobowe. Podanie danych jest dobrowolne, ale niezb\u0119dne, by nawi\u0105za\u0107 kontakt.<\/li>\n<li><strong>Zam\u00f3wienia<\/strong>. Kupuj\u0105c w sklepie Socjografki musisz poda\u0107 dane niezb\u0119dne do realizacji zam\u00f3wienia, takie jak imi\u0119 i nazwisko, adres rozliczeniowy, adres e-mail. Podanie danych jest dobrowolne, ale niezb\u0119dne do z\u0142o\u017cenia zam\u00f3wienia. Dane o zam\u00f3wieniach b\u0119d\u0105 przetwarzane przez czas niezb\u0119dny do realizacji zam\u00f3wienia, a nast\u0119pnie do czasu up\u0142ywu terminu przedawnienia roszcze\u0144 z tytu\u0142u zawartej umowy. Ponadto, po up\u0142ywie tego terminu, dane nadal mog\u0105 by\u0107 przeze mnie przetwarzane w celach statystycznych. W stosunku do danych o zam\u00f3wieniach przys\u0142uguje Ci r\u00f3wnie\u017c prawo do przenoszenia danych, o kt\u00f3rym mowa w art. 20 RODO.<\/li>\n<li><strong>Newsletter<\/strong>. Je\u017celi chcesz zapisa\u0107 si\u0119 do newslettera, musisz przekaza\u0107 mi sw\u00f3j adres e-mail za po\u015brednictwem formularza zapisu do newslettera. Podanie danych jest dobrowolne, ale niezb\u0119dne, by zapisa\u0107 si\u0119 do newslettera. Dane b\u0119d\u0105 przetwarzane przez czas funkcjonowania newslettera, chyba \u017ce wcze\u015bniej zrezygnujesz z jego otrzymywania, co spowoduje usuni\u0119cie Twoich danych z bazy. W ka\u017cdej chwili mo\u017cesz sprostowa\u0107 swoje dane zapisane w bazie newsletterowej, jak r\u00f3wnie\u017c za\u017c\u0105da\u0107 ich usuni\u0119cia, rezygnuj\u0105c z otrzymywania newslettera. Przys\u0142uguje Ci r\u00f3wnie\u017c prawo do przenoszenia danych.<\/li>\n<li><strong>Zapisy na kursy<\/strong>. Je\u017celi chcesz zapisa\u0107 si\u0119 na list\u0119 oczekuj\u0105cych na kursy, musisz przekaza\u0107 mi sw\u00f3j adres e-mail za po\u015brednictwem formularza zapisu. Podanie danych jest dobrowolne, ale niezb\u0119dne, by otrzymywa\u0107 informacje o kursach. Dane b\u0119d\u0105 przetwarzane przez czas promocji produktu, chyba \u017ce wcze\u015bniej zrezygnujesz z jego otrzymywania, co spowoduje usuni\u0119cie Twoich danych z bazy. W ka\u017cdej chwili mo\u017cesz sprostowa\u0107 swoje dane zapisane w bazie, jak r\u00f3wnie\u017c za\u017c\u0105da\u0107 ich usuni\u0119cia, rezygnuj\u0105c z otrzymywania informacji o kursach. Przys\u0142uguje Ci r\u00f3wnie\u017c prawo do przenoszenia danych.<\/li>\n<\/ul>\n<h3>Pliki cookies i inne technologie \u015bledz\u0105ce<\/h3>\n<p>Strona\u00a0<a href=\"https:\/\/www.socjografka.pl\/\">www.socjografka.pl<\/a>\u00a0podobnie jak niemal wszystkie inne strony internetowe, wykorzystuje pliki cookies. Cookies to niewielkie informacje tekstowe, przechowywane na Twoim urz\u0105dzeniu, kt\u00f3re mog\u0105 by\u0107 odczytywane przez m\u00f3j system teleinformatyczny (cookies w\u0142asne) lub system teleinformatyczny podmiot\u00f3w trzecich (cookies podmiot\u00f3w trzecich).<\/p>\n<p>Podczas pierwszej wizyty na stronie wy\u015bwietlana jest informacja na temat wykorzystywania plik\u00f3w cookies. Zawsze mo\u017cesz zmieni\u0107 ustawienia cookies z poziomu swojej przegl\u0105darki albo w og\u00f3le usun\u0105\u0107 pliki cookies. W menu pomocniczym swojej przegl\u0105darki internetowej znajdziesz wyja\u015bnienia dotycz\u0105ce zmiany ustawie\u0144 cookies.<\/p>\n<h4>Cookies podmiot\u00f3w trzecich<\/h4>\n<p>Strona www.socjografka.pl podobnie jak wi\u0119kszo\u015b\u0107 stron internetowych, wykorzystuje funkcje zapewniane przez podmioty trzecie, co wi\u0105\u017ce si\u0119 z wykorzystywaniem plik\u00f3w cookies pochodz\u0105cych od podmiot\u00f3w trzecich. Wykorzystanie tego rodzaju plik\u00f3w cookies zosta\u0142o opisane poni\u017cej.<\/p>\n<ul>\n<li><strong>Piksel Facebooka\u00a0<\/strong>\u2013 w celu kierowania do Ciebie reklam spersonalizowanych pod k\u0105tem Twoich zachowa\u0144 w mojej witrynie, zaimplementowa\u0142am w ramach moich stron Pixel Facebooka, kt\u00f3ry w spos\u00f3b automatyczny gromadzi informacje o Twoim korzystaniu z mojej witryny w zakresie przegl\u0105danych stron. Informacje zbierane w ramach Pixela Facebooka s\u0105 anonimowe, czyli nie pozwalaj\u0105 mi na identyfikacj\u0119 konkretnej osoby. Wiem jedynie, jakie dzia\u0142ania podejmujesz w ramach mojej strony.<\/li>\n<li><strong>Google Analitycs<\/strong>\u00a0\u2013 w celu analizy statystyk strony, zbierane informacje nie pozwalaj\u0105 na identyfikacj\u0119 u\u017cytkownika, dzia\u0142ania w tym zakresie realizuj\u0119 opieraj\u0105c si\u0119 na moim prawnie uzasadnionym interesie, polegaj\u0105cym na tworzeniu statystyk i ich analizie w celu optymalizacji moich stron internetowych. Google Analytics w spos\u00f3b automatyczny gromadzi informacje o Twoim korzystaniu z mojej strony. Zgromadzone w ten spos\u00f3b informacje s\u0105 najcz\u0119\u015bciej przekazywane do serwera Google w Stanach Zjednoczonych i tam przechowywane.<\/li>\n<\/ul>\n<h3>Logi serwera<\/h3>\n<p>Informacje o niekt\u00f3rych zachowaniach u\u017cytkownik\u00f3w podlegaj\u0105 logowaniu w warstwie serwerowej. Dane te s\u0105 wykorzystywane wy\u0142\u0105cznie w celu administrowania serwisem oraz w celu zapewnienia jak najbardziej sprawnej obs\u0142ugi \u015bwiadczonych us\u0142ug hostingowych. Logi obejmuj\u0105 m.in. Tw\u00f3j adres IP, dat\u0119 i czas serwera, informacje o przegl\u0105darce internetowej i systemie operacyjnym z jakiego korzystasz. Logi zapisywane i przechowywane s\u0105 na serwerze. Dane powy\u017csze nie s\u0105 kojarzone z konkretnymi osobami przegl\u0105daj\u0105cymi strony.<\/p>\n<p>Powy\u017csze dane s\u0105 wykorzystywane jedynie dla cel\u00f3w administrowania serwerem i stanowi\u0105 wy\u0142\u0105cznie materia\u0142 pomocniczy s\u0142u\u017c\u0105cy do administrowania stron\u0105. Ich zawarto\u015b\u0107 nie jest ujawniana nikomu poza osobami upowa\u017cnionymi do administrowania serwerem.<\/p>\n","protected":false},"excerpt":{"rendered":"<p>POLITYKA PRYWATNO\u015aCI I PLIK\u00d3W COOKIES Dokument ten opisuje zasady post\u0119powania z danymi osobowymi oraz wykorzystywania plik\u00f3w cookies i innych technologii w ramach strony internetowej\u00a0https:\/\/www.socjografka.pl\/sklep\u00a0Administratorem strony jest Dominika Siwi\u0144ska, prowadz\u0105ca dzia\u0142alno\u015b\u0107 gospodarcz\u0105 pod nazw\u0105 Socjografka Dominika Siwi\u0144ska, ul. Miko\u0142aja Reja 47, 05-806 Granica, NIP 534-225-29-48. Kontakt z administratorem jest mo\u017cliwy pod adresem e-mail\u00a0kontakt@socjografka.pl. Polityka prywatno\u015bci \u2013 [&#8230;]\n","protected":false},"author":3,"featured_media":0,"parent":0,"menu_order":0,"comment_status":"closed","ping_status":"closed","template":"","meta":{"_acf_changed":false,"_exactmetrics_skip_tracking":false,"_exactmetrics_sitenote_active":false,"_exactmetrics_sitenote_note":"","_exactmetrics_sitenote_category":0,"footnotes":""},"class_list":["post-63","page","type-page","status-publish","hentry"],"acf":[],"yoast_head":"<!-- This site is optimized with the Yoast SEO plugin v27.1.1 - https:\/\/yoast.com\/product\/yoast-seo-wordpress\/ -->\n<title>Polityka Prywatno\u015bci - Socjografka: sklep on-line: szablony prezentacji i grafik<\/title>\n<meta name=\"robots\" content=\"index, follow, max-snippet:-1, max-image-preview:large, max-video-preview:-1\" \/>\n<link rel=\"canonical\" href=\"https:\/\/socjografka.pl\/sklep\/polityka-prywatnosci\/\" \/>\n<meta property=\"og:locale\" content=\"pl_PL\" \/>\n<meta property=\"og:type\" content=\"article\" \/>\n<meta property=\"og:title\" content=\"Polityka Prywatno\u015bci - Socjografka: sklep on-line: szablony prezentacji i grafik\" \/>\n<meta property=\"og:description\" content=\"POLITYKA PRYWATNO\u015aCI I PLIK\u00d3W COOKIES Dokument ten opisuje zasady post\u0119powania z danymi osobowymi oraz wykorzystywania plik\u00f3w cookies i innych technologii w ramach strony internetowej\u00a0https:\/\/www.socjografka.pl\/sklep\u00a0Administratorem strony jest Dominika Siwi\u0144ska, prowadz\u0105ca dzia\u0142alno\u015b\u0107 gospodarcz\u0105 pod nazw\u0105 Socjografka Dominika Siwi\u0144ska, ul. Miko\u0142aja Reja 47, 05-806 Granica, NIP 534-225-29-48. Kontakt z administratorem jest mo\u017cliwy pod adresem e-mail\u00a0kontakt@socjografka.pl. Polityka prywatno\u015bci \u2013 [...]\" \/>\n<meta property=\"og:url\" content=\"https:\/\/socjografka.pl\/sklep\/polityka-prywatnosci\/\" \/>\n<meta property=\"og:site_name\" content=\"Socjografka: sklep on-line: szablony prezentacji i grafik\" \/>\n<meta property=\"article:modified_time\" content=\"2020-01-13T16:04:54+00:00\" \/>\n<meta name=\"twitter:card\" content=\"summary_large_image\" \/>\n<meta name=\"twitter:label1\" content=\"Szacowany czas czytania\" \/>\n\t<meta name=\"twitter:data1\" content=\"8 minut\" \/>\n<script type=\"application\/ld+json\" class=\"yoast-schema-graph\">{\"@context\":\"https:\/\/schema.org\",\"@graph\":[{\"@type\":\"WebPage\",\"@id\":\"https:\/\/socjografka.pl\/sklep\/polityka-prywatnosci\/\",\"url\":\"https:\/\/socjografka.pl\/sklep\/polityka-prywatnosci\/\",\"name\":\"Polityka Prywatno\u015bci - Socjografka: sklep on-line: szablony prezentacji i grafik\",\"isPartOf\":{\"@id\":\"https:\/\/socjografka.pl\/sklep\/#website\"},\"datePublished\":\"2018-04-08T19:54:23+00:00\",\"dateModified\":\"2020-01-13T16:04:54+00:00\",\"breadcrumb\":{\"@id\":\"https:\/\/socjografka.pl\/sklep\/polityka-prywatnosci\/#breadcrumb\"},\"inLanguage\":\"pl-PL\",\"potentialAction\":[{\"@type\":\"ReadAction\",\"target\":[\"https:\/\/socjografka.pl\/sklep\/polityka-prywatnosci\/\"]}]},{\"@type\":\"BreadcrumbList\",\"@id\":\"https:\/\/socjografka.pl\/sklep\/polityka-prywatnosci\/#breadcrumb\",\"itemListElement\":[{\"@type\":\"ListItem\",\"position\":1,\"name\":\"Strona g\u0142\u00f3wna\",\"item\":\"https:\/\/socjografka.pl\/sklep\/\"},{\"@type\":\"ListItem\",\"position\":2,\"name\":\"Polityka Prywatno\u015bci\"}]},{\"@type\":\"WebSite\",\"@id\":\"https:\/\/socjografka.pl\/sklep\/#website\",\"url\":\"https:\/\/socjografka.pl\/sklep\/\",\"name\":\"Socjografka: sklep on-line: szablony prezentacji i grafik\",\"description\":\"szablony i wzory prezentacji, dyplom\u00f3w, grafik do social media\",\"potentialAction\":[{\"@type\":\"SearchAction\",\"target\":{\"@type\":\"EntryPoint\",\"urlTemplate\":\"https:\/\/socjografka.pl\/sklep\/?s={search_term_string}\"},\"query-input\":{\"@type\":\"PropertyValueSpecification\",\"valueRequired\":true,\"valueName\":\"search_term_string\"}}],\"inLanguage\":\"pl-PL\"}]}<\/script>\n<!-- \/ Yoast SEO plugin. -->","yoast_head_json":{"title":"Polityka Prywatno\u015bci - Socjografka: sklep on-line: szablony prezentacji i grafik","robots":{"index":"index","follow":"follow","max-snippet":"max-snippet:-1","max-image-preview":"max-image-preview:large","max-video-preview":"max-video-preview:-1"},"canonical":"https:\/\/socjografka.pl\/sklep\/polityka-prywatnosci\/","og_locale":"pl_PL","og_type":"article","og_title":"Polityka Prywatno\u015bci - Socjografka: sklep on-line: szablony prezentacji i grafik","og_description":"POLITYKA PRYWATNO\u015aCI I PLIK\u00d3W COOKIES Dokument ten opisuje zasady post\u0119powania z danymi osobowymi oraz wykorzystywania plik\u00f3w cookies i innych technologii w ramach strony internetowej\u00a0https:\/\/www.socjografka.pl\/sklep\u00a0Administratorem strony jest Dominika Siwi\u0144ska, prowadz\u0105ca dzia\u0142alno\u015b\u0107 gospodarcz\u0105 pod nazw\u0105 Socjografka Dominika Siwi\u0144ska, ul. Miko\u0142aja Reja 47, 05-806 Granica, NIP 534-225-29-48. Kontakt z administratorem jest mo\u017cliwy pod adresem e-mail\u00a0kontakt@socjografka.pl. Polityka prywatno\u015bci \u2013 [...]","og_url":"https:\/\/socjografka.pl\/sklep\/polityka-prywatnosci\/","og_site_name":"Socjografka: sklep on-line: szablony prezentacji i grafik","article_modified_time":"2020-01-13T16:04:54+00:00","twitter_card":"summary_large_image","twitter_misc":{"Szacowany czas czytania":"8 minut"},"schema":{"@context":"https:\/\/schema.org","@graph":[{"@type":"WebPage","@id":"https:\/\/socjografka.pl\/sklep\/polityka-prywatnosci\/","url":"https:\/\/socjografka.pl\/sklep\/polityka-prywatnosci\/","name":"Polityka Prywatno\u015bci - Socjografka: sklep on-line: szablony prezentacji i grafik","isPartOf":{"@id":"https:\/\/socjografka.pl\/sklep\/#website"},"datePublished":"2018-04-08T19:54:23+00:00","dateModified":"2020-01-13T16:04:54+00:00","breadcrumb":{"@id":"https:\/\/socjografka.pl\/sklep\/polityka-prywatnosci\/#breadcrumb"},"inLanguage":"pl-PL","potentialAction":[{"@type":"ReadAction","target":["https:\/\/socjografka.pl\/sklep\/polityka-prywatnosci\/"]}]},{"@type":"BreadcrumbList","@id":"https:\/\/socjografka.pl\/sklep\/polityka-prywatnosci\/#breadcrumb","itemListElement":[{"@type":"ListItem","position":1,"name":"Strona g\u0142\u00f3wna","item":"https:\/\/socjografka.pl\/sklep\/"},{"@type":"ListItem","position":2,"name":"Polityka Prywatno\u015bci"}]},{"@type":"WebSite","@id":"https:\/\/socjografka.pl\/sklep\/#website","url":"https:\/\/socjografka.pl\/sklep\/","name":"Socjografka: sklep on-line: szablony prezentacji i grafik","description":"szablony i wzory prezentacji, dyplom\u00f3w, grafik do social media","potentialAction":[{"@type":"SearchAction","target":{"@type":"EntryPoint","urlTemplate":"https:\/\/socjografka.pl\/sklep\/?s={search_term_string}"},"query-input":{"@type":"PropertyValueSpecification","valueRequired":true,"valueName":"search_term_string"}}],"inLanguage":"pl-PL"}]}},"_links":{"self":[{"href":"https:\/\/socjografka.pl\/sklep\/wp-json\/wp\/v2\/pages\/63","targetHints":{"allow":["GET"]}}],"collection":[{"href":"https:\/\/socjografka.pl\/sklep\/wp-json\/wp\/v2\/pages"}],"about":[{"href":"https:\/\/socjografka.pl\/sklep\/wp-json\/wp\/v2\/types\/page"}],"author":[{"embeddable":true,"href":"https:\/\/socjografka.pl\/sklep\/wp-json\/wp\/v2\/users\/3"}],"replies":[{"embeddable":true,"href":"https:\/\/socjografka.pl\/sklep\/wp-json\/wp\/v2\/comments?post=63"}],"version-history":[{"count":8,"href":"https:\/\/socjografka.pl\/sklep\/wp-json\/wp\/v2\/pages\/63\/revisions"}],"predecessor-version":[{"id":1676,"href":"https:\/\/socjografka.pl\/sklep\/wp-json\/wp\/v2\/pages\/63\/revisions\/1676"}],"wp:attachment":[{"href":"https:\/\/socjografka.pl\/sklep\/wp-json\/wp\/v2\/media?parent=63"}],"curies":[{"name":"wp","href":"https:\/\/api.w.org\/{rel}","templated":true}]}}