{"id":404,"date":"2018-08-30T14:54:46","date_gmt":"2018-08-30T12:54:46","guid":{"rendered":"https:\/\/socjografka.pl\/sklep\/?page_id=404"},"modified":"2020-03-03T17:45:54","modified_gmt":"2020-03-03T16:45:54","slug":"czeste-pytania","status":"publish","type":"page","link":"https:\/\/socjografka.pl\/sklep\/czeste-pytania\/","title":{"rendered":"Cz\u0119ste pytania"},"content":{"rendered":"<h1>Najcz\u0119\u015bciej zadawane pytania<\/h1>\n<p>Masz w\u0105tpliwo\u015bci czy materia\u0142y w sklepie Socjografki s\u0105 dla Ciebie? Je\u015bli w opisach produkt\u00f3w nie znajdziesz istotnych dla Ciebie informacji, polecam Ci przeczytanie poni\u017cszych pyta\u0144 i odpowiedzi. Mam nadziej\u0119, \u017ce pomog\u0105 Ci one w podj\u0119ciu decyzji o zakupie. Potrzebujesz innych informacji: zapraszam do kontaktu mailowego\u00a0<strong>sklep@socjografka.pl<\/strong><\/p>\n<ol>\n<li>W jakiej formie otrzymam zam\u00f3wiony produkt?<\/li>\n<li>Jak mog\u0119 edytowa\u0107 otrzymane pliki?<\/li>\n<li>Czy poradz\u0119 sobie z edycj\u0105 je\u015bli nie mam du\u017cego do\u015bwiadczenia z obs\u0142ug\u0105 program\u00f3w graficznych?<\/li>\n<li>Jakie programy s\u0105 wymagane \u017ceby edytowa\u0107 materia\u0142y?<\/li>\n<li>Ile razy mog\u0119 pobra\u0107 zam\u00f3wiony produkt?<\/li>\n<li>Czy mog\u0119 zwr\u00f3ci\u0107 zam\u00f3wiony produkt?<\/li>\n<li>Czy mog\u0119 u\u017cywa\u0107 pobranych materia\u0142\u00f3w do komercyjnych projekt\u00f3w?<\/li>\n<li>Czy mog\u0119 liczy\u0107 na wsparcie przy edycji zakupionych plik\u00f3w?<\/li>\n<li>Czy produkty w sklepie obj\u0119te s\u0105 prawami autorskimi?<\/li>\n<li>Co w przypadku gdy potrzebuj\u0119 modyfikacji projektu albo czego\u015b bardziej spersonalizowanego?<\/li>\n<li>Dlaczego warto kupi\u0107 gotowy szablon?<\/li>\n<\/ol>\n<hr \/>\n<h3>1. W jakiej formie otrzymam zam\u00f3wiony produkt?<\/h3>\n<p>Proces sprzeda\u017cy jest zautomatyzowany, dlatego gdy tylko p\u0142atno\u015b\u0107 zostanie zrealizowana, dostaniesz maila na adres znajduj\u0105cy si\u0119 w formularzu zam\u00f3wienia.\u00a0W ci\u0105gu kilku minut od op\u0142acenia zam\u00f3wienia otrzymasz link oraz has\u0142o do wybranego produktu elektronicznego (chyba \u017ce p\u0142acisz przelewem tradycyjnym, wtedy proces mo\u017ce si\u0119 nieco wyd\u0142u\u017cy\u0107, bo wtedy proces nie dzia\u0142a automatycznie).\u00a0Przy ka\u017cdym z produkt\u00f3w, w zak\u0142adce Dodatkowe informacje, znajdziesz opis jakie dok\u0142adnie pliki wchodz\u0105 w sk\u0142ad pakietu. Przyk\u0142adowo: gdy zakupisz szablon prezentacji biznesowej, w pakiecie otrzymasz pliki w formacie pptx, pdf oraz instrukcj\u0119 obs\u0142ugi. Ka\u017cdy produkt mo\u017ce mie\u0107 inn\u0105 zawarto\u015b\u0107, dlatego zach\u0119cam Ci\u0119 do sprawdzenia w zak\u0142adce Dodatkowe informacje co wchodzi w sk\u0142ad pakietu.<\/p>\n<h3>2. Jak mog\u0119 edytowa\u0107 otrzymane pliki?<\/h3>\n<p>Przy ka\u017cdym z produkt\u00f3w, w zak\u0142adce Dodatkowe informacje, znajdziesz opis jakie programy i aplikacje s\u0105 potrzebne, aby m\u00f3c samodzielnie edytowa\u0107 zakupione materia\u0142y. Przy niekt\u00f3rych produktach masz mo\u017cliwo\u015b\u0107 edycji zar\u00f3wno w p\u0142atnych, jaki i darmowych programach. Dodatkowo w ka\u017cdym przypadku wskazuj\u0119 jaka aplikacja do edycji jest przeze mnie rekomendowana. Je\u015bli b\u0119dziesz mie\u0107 problem z edycj\u0105 plik\u00f3w, polecam skorzystanie z instrukcji obs\u0142ugi. Dodatkowo mo\u017cesz obejrze\u0107 film i dowiedzie\u0107 si\u0119 <strong>\u25ba <a href=\"https:\/\/youtu.be\/bfPSkHP7Ncc\" target=\"_blank\" rel=\"noopener noreferrer\">Jak edytowa\u0107 wzory PowerPoint<\/a><\/strong> lub przeczyta\u0107 wpis na moim blogu gdzie pokazuj\u0119 <strong><a href=\"https:\/\/www.socjografka.pl\/jak-szybko-przygotowac-prezentacje-powerpoint\/\" target=\"_blank\" rel=\"noopener noreferrer\">jak edytowa\u0107 wzorce<\/a><\/strong>.<\/p>\n<h3>3. Czy poradz\u0119 sobie z edycj\u0105 je\u015bli nie mam du\u017cego do\u015bwiadczenia z obs\u0142ug\u0105 program\u00f3w graficznych?<\/h3>\n<p>\u0141atwo\u015b\u0107 edycji to g\u0142\u00f3wna zaleta moich gotowych szablon\u00f3w. Do edycji wi\u0119kszo\u015bci materia\u0142\u00f3w wystarczy podstawowa znajomo\u015b\u0107 pakietu Microsoft Office, w tym aplikacji takich jak Word czy PowerPoint. Je\u015bli rekomenduj\u0119 jaki\u015b inny program do edycji, w zak\u0142adce Dodatkowe informacje znajdziesz wyja\u015bnienie czemu polecam np. InDesign. Du\u017cym u\u0142atwieniem jest tak\u017ce szczeg\u00f3\u0142owa instrukcja obs\u0142ugi w j\u0119zyku polskim, do\u0142\u0105czona do ka\u017cdego produktu. Z instrukcji dowiesz si\u0119 np. jak w mniej ni\u017c minut\u0119 zmieni\u0107 kolory w ca\u0142ym szablonie, tak by by\u0142y zgodne z barwami Twojej marki.<\/p>\n<h3>4. Jakie programy s\u0105 wymagane \u017ceby edytowa\u0107 materia\u0142y?<\/h3>\n<p>Przy ka\u017cdym z produkt\u00f3w w zak\u0142adce Dodatkowe informacje zjedziesz opis, jakie programy i aplikacje musisz mie\u0107, aby edytowa\u0107 materia\u0142y. Stara\u0142am si\u0119, aby ka\u017cdy z produkt\u00f3w by\u0142 edytowalny nie tylko w p\u0142atnych programach, ale tak\u017ce w alternatywnych, bezp\u0142atnych aplikacjach np. w dokumentach Google. Instrukcja obs\u0142ugi dotyczy tylko rekomendowanej przeze mnie aplikacji. Przyk\u0142adowo: wzorzec prezentacji w PowerPoint mo\u017cesz edytowa\u0107 korzystaj\u0105c z Google Slides, jednak instrukcja obs\u0142ugi i screeny odnosz\u0105 si\u0119 do pakietu Office.<\/p>\n<h3>5. Ile razy mog\u0119 pobra\u0107 zam\u00f3wiony produkt?<\/h3>\n<p>Ka\u017cdy produkt mo\u017cesz pobra\u0107 jeden raz, pod aktywnym linkiem, kt\u00f3ry zostanie do Ciebie wys\u0142any po sfinalizowaniu transakcji w systemie p\u0142atniczym. Link jest aktywny przez 30 dni od daty zakupu. Pobrany materia\u0142 mo\u017cesz zapisa\u0107 na dysku i w przysz\u0142o\u015bci wykorzystywa\u0107 go dowoln\u0105 liczb\u0119 razy. Pami\u0119taj jednak, \u017ce tylko Ty masz prawo do edytowania zakupionych produkt\u00f3w. Wyj\u0105tek stanowy zakup na firm\u0119: wtedy prawo do edycji ma podmiot, kt\u00f3ry widnieje na fakturze. Nie masz prawa do odsprzedawania zaprojektowanych przeze mnie materia\u0142\u00f3w &#8211; zar\u00f3wno ca\u0142ych szablon\u00f3w jak i ich fragment\u00f3w.<\/p>\n<h3>6. Czy mog\u0119 zwr\u00f3ci\u0107 zam\u00f3wiony produkt?<\/h3>\n<p>Zgodnie art. 38 ustawy o prawach konsumenta o dostarczanie tre\u015bci cyfrowych, konsumentowi nie przys\u0142uguje prawo do odst\u0105pienia od umowy m. in. w sytuacji zakupu produkt\u00f3w, kt\u00f3re nie s\u0105 zapisane na no\u015bniku materialnym, je\u017celi spe\u0142nianie \u015bwiadczenia rozpocz\u0119\u0142o si\u0119 za wyra\u017an\u0105 zgod\u0105 konsumenta przed up\u0142ywem terminu do odst\u0105pienia od umowy i po poinformowaniu go przez przedsi\u0119biorc\u0119 o utracie prawa odst\u0105pienia od umowy.<\/p>\n<p><strong>Mniej formalnym j\u0119zykiem<\/strong>: kupuj\u0105c w moim sklepie, w trakcie procesu sprzeda\u017cy wyra\u017casz jednocze\u015bnie zgod\u0119 na dostarczenie tre\u015bci cyfrowych przed up\u0142ywem terminu na odst\u0105pienie od umowy. W praktyce po tym jak wy\u015bl\u0119 Ci maila z materia\u0142ami, tracisz prawo do ich zwrotu, poniewa\u017c jako sprzedawca nie b\u0119d\u0119 w stanie wyegzekwowa\u0107 faktycznego zaprzestania korzystania z produktu. Zgoda ta oraz informacja o Twoich prawach znajduj\u0105 si\u0119 w Regulaminie, kt\u00f3ry musisz zaakceptowa\u0107 przed sfinalizowaniem transakcji. Je\u015bli nie wyrazisz takiej zgody, nie b\u0119d\u0119 mog\u0142a sprzeda\u0107 Ci \u017cadnego produktu elektronicznego. Niezale\u017cnie, nadal masz prawo do reklamowania produktu, je\u015bli ten jest niezgodny z opisem albo posiada jak\u0105\u015b wad\u0119.<\/p>\n<h3>7. Czy mog\u0119 u\u017cywa\u0107 pobranych materia\u0142\u00f3w do komercyjnych projekt\u00f3w?<\/h3>\n<p>Oczywi\u015bcie. Szablony zakupione w sklepie Socjografki mo\u017cesz wykorzystywa\u0107 zar\u00f3wno prywatnie jak i komercyjnie. Na podstawie szablon\u00f3w mo\u017cesz tworzy\u0107 materia\u0142y na u\u017cytek w\u0142asnej firmy, wielokrotnie je modyfikuj\u0105c i prezentuj\u0105c szerszej publiczno\u015b\u0107 (w tym udost\u0119pnia\u0107 je w internecie).\u00a0<strong>Nie jest dozwolone odsprzedawanie produkt\u00f3w czy poszczeg\u00f3lnych ich element\u00f3w. <\/strong>Przyk\u0142ad: gdy w swojej pracy u\u017cyjesz kupionego u mnie szablonu prezentacji (lub jego cz\u0119\u015bci), nie mo\u017cesz sprzedawa\u0107 tej prezentacji swojemu klientowi. Po wi\u0119cej informacji zajrzyj do <strong><a href=\"https:\/\/socjografka.pl\/sklep\/regulamin\/\" target=\"_blank\" rel=\"noopener noreferrer\">Regulaminu<\/a><\/strong>.\u00a0Je\u015bli chcesz rozszerzy\u0107 swoje prawa, by m\u00f3c odsprzedawa\u0107 materia\u0142y zale\u017cne, prosz\u0119 o kontakt pod adresem: sklep@socjografka.pl.<\/p>\n<h3>8. Czy mog\u0119 liczy\u0107 na wsparcie przy edycji zakupionych plik\u00f3w?<\/h3>\n<p>Nie udzielam indywidualnych porad zwi\u0105zanych z modyfikacj\u0105 materia\u0142\u00f3w.\u00a0Do ka\u017cdego produktu do\u0142\u0105czam przyjazn\u0105 instrukcj\u0119 obs\u0142ugi w j\u0119zyku polskim, zawieraj\u0105c\u0105 wiele przydatnych rad i link\u00f3w do moich artyku\u0142\u00f3w eksperckich.\u00a0Edycja plik\u00f3w wymaga podstawowej znajomo\u015bci program\u00f3w, najcz\u0119\u015bciej z pakietu Office, tak wi\u0119c prawie ka\u017cdy powinien poradzi\u0107 sobie z wprowadzaniem zmian. Je\u015bli potrzebujesz dodatkowego wsparcia, mo\u017cesz wykupi\u0107 <strong><a href=\"https:\/\/socjografka.pl\/sklep\/produkt\/konsultacja-powerpoint-1h\/\" target=\"_blank\" rel=\"noopener noreferrer\">Konsultacje<\/a>.<\/strong> W przypadku szablon\u00f3w PowerPoint oferuj\u0119 r\u00f3wnie\u017c\u00a0<strong><a href=\"https:\/\/www.socjografka.pl\/zamow-biznesowa-prezentacje-powerpoint\/\">Audyt prezentacji:<\/a><\/strong> (us\u0142uga dotyczy zar\u00f3wno prezentacji kupionych u mnie sklepie, jak i tworzonych samodzielnie).<\/p>\n<h3>9. Czy produkty w sklepie obj\u0119te s\u0105 prawami autorskimi?<\/h3>\n<p>Tak, ka\u017cdy z moich produkt\u00f3w jest obj\u0119ty maj\u0105tkowymi i osobistymi prawami autorskimi. Wszystkie produkty elektroniczne dost\u0119pne w sklepie stanowi\u0105 utwory w rozumieniu ustawy z dnia 4 lutego 1994 r. o prawie autorskim i prawach pokrewnych. Dalsze rozpowszechnianie produkt\u00f3w elektronicznych znajduj\u0105cych si\u0119 w sklepie Socjografki bez mojej zgody stanowi naruszenie praw autorskich przys\u0142uguj\u0105cych sprzedawcy do produkt\u00f3w elektronicznych co mo\u017ce skutkowa\u0107 odpowiedzialno\u015bci\u0105 cywiln\u0105 lub karn\u0105.<\/p>\n<h3>10. Co w przypadku gdy potrzebuj\u0119 modyfikacji projektu albo czego\u015b bardziej spersonalizowanego?<\/h3>\n<p>Spersonalizowane poprawki do projekt\u00f3w s\u0105 ustalane i wyceniane indywidualnie. W celu przygotowania wyceny prosz\u0119 o kontakt pod adresem: sklep@socjografka.pl. Je\u015bli projekty w sklepie tylko cz\u0119\u015bciowo odpowiadaj\u0105 Twoim potrzebom, mo\u017cesz skorzysta\u0107 z indywidualnej oferty w ramach kt\u00f3rej zaprojektuj\u0119 dla Ciebie <strong><a href=\"https:\/\/www.socjografka.pl\/zamow-projekt-graficzny\/\" target=\"_blank\" rel=\"noopener noreferrer\">profesjonalne grafiki<\/a><\/strong> oraz <strong><a href=\"https:\/\/www.socjografka.pl\/zamow-biznesowa-prezentacje-powerpoint\/\" target=\"_blank\" rel=\"noopener noreferrer\">prezentacje szyte na miar\u0119<\/a><\/strong>. Mo\u017cesz te\u017c odwiedzi\u0107 moje <a href=\"https:\/\/socjografka.myportfolio.com\/\" target=\"_blank\" rel=\"noopener noreferrer\"><strong>portfolio<\/strong><\/a>, \u017ceby zobaczy\u0107 jakie projekty realizowa\u0142am do tej pory.<\/p>\n<h3>11. Dlaczego warto kupi\u0107 gotowy szablon?<\/h3>\n<p>Na polskim rynku brakuje szablon\u00f3w, kt\u00f3re \u0142\u0105czy\u0142yby w sobie nowoczesno\u015b\u0107, funkcjonalno\u015b\u0107 i wysok\u0105 jako\u015b\u0107 &#8211; moje produkty \u0142\u0105cz\u0105 te 3 cechy. Od ponad 10 lat projektuj\u0119 grafiki i prezentacje, zar\u00f3wno dla mi\u0119dzynarodowych korporacji, jak i dla ma\u0142ych firm. Wiem, \u017ce stworzenie dobrego wzoru mo\u017ce zaj\u0105\u0107 dziesi\u0105tki godzin. Chc\u0119 Ci zaoszcz\u0119dzi\u0107 stresu, jaki cz\u0119sto wi\u0105\u017ce si\u0119 z tworzeniem profesjonalnych materia\u0142\u00f3w marketingowych i prezentacji. Dla Twojego komfortu przygotowa\u0142am gotowe, sprawdzone wzorce. Nie s\u0105 to przypadkowe projekty. Wiem jakie projekty najcz\u0119\u015bciej wykorzystuj\u0105 moi klienci i dlatego postanowi\u0142am podzieli\u0107 si\u0119 szablonami, kt\u00f3re cieszy\u0142y si\u0119 do tej pory najwi\u0119ksz\u0105 popularno\u015bci\u0105.<\/p>\n<h3>12. Czemu warto zaufa\u0107 Socjografce?<\/h3>\n<p><span style=\"background-color: #ffffff;\">Do\u015bwiadczenie zdobywa\u0142am w mi\u0119dzynarodowych instytucjach, pracuj\u0105c bezpo\u015brednio z cz\u0142onkami zarz\u0105d\u00f3w i wy\u017csz\u0105 kadr\u0105 menad\u017cersk\u0105. Przez kilkana\u015bcie lat projektowa\u0142am dziesi\u0105tki materia\u0142\u00f3w graficznych i prezentacji. To pozwoli\u0142o mi na zdobycie praktycznej wiedzy dotycz\u0105cej projektowania materia\u0142\u00f3w i prezentacji, kt\u00f3re skutecznie wspieraj\u0105 biznes.\u00a0Projektuj\u0119 zar\u00f3wno dla globalnych marek, jaki i dla os\u00f3b indywidualnych. Do tej pory mia\u0142am przyjemno\u015b\u0107 wsp\u00f3\u0142pracowa\u0107 m.in. z firmami z bran\u017cy modowej (np. Reserved), finansowej (np. DNB Nord, AXA), FMCG (np. Carlsberg), motoryzacyjnej oraz dla instytucji publicznych i o\u015bwiatowych. <\/span><\/p>\n<p>Poza udokumentowanym <a href=\"https:\/\/socjografka.myportfolio.com\/\" target=\"_blank\" rel=\"noopener noreferrer\">portfolio<\/a> i wieloletnim sta\u017cem w bran\u017cy, mam za sob\u0105 solidne wykszta\u0142cenie kierunkowe \u2013 posiadam dyplomy uko\u0144czenia studi\u00f3w na filologii polskiej (specjalizacja komunikacja do medi\u00f3w) na UW oraz Grafiki komputerowej na WIT pod auspicjami PAN. Prowadz\u0119 r\u00f3wnie\u017c popularnego <a href=\"https:\/\/www.socjografka.pl\/blog\/\"><strong>bloga eksperckiego<\/strong><\/a>, po\u015bwi\u0119conego m. in. tematyce projektowania graficznego.<\/p>\n<hr \/>\n<p>\u017bycz\u0119 udanych zakup\u00f3w,<\/p>\n<p><strong>Dominika Siwi\u0144ska \/ Socjografka<\/strong><\/p>\n","protected":false},"excerpt":{"rendered":"<p>Najcz\u0119\u015bciej zadawane pytania Masz w\u0105tpliwo\u015bci czy materia\u0142y w sklepie Socjografki s\u0105 dla Ciebie? Je\u015bli w opisach produkt\u00f3w nie znajdziesz istotnych dla Ciebie informacji, polecam Ci przeczytanie poni\u017cszych pyta\u0144 i odpowiedzi. Mam nadziej\u0119, \u017ce pomog\u0105 Ci one w podj\u0119ciu decyzji o zakupie. Potrzebujesz innych informacji: zapraszam do kontaktu mailowego\u00a0sklep@socjografka.pl W jakiej formie otrzymam zam\u00f3wiony produkt? Jak [&#8230;]\n","protected":false},"author":3,"featured_media":0,"parent":0,"menu_order":0,"comment_status":"closed","ping_status":"closed","template":"","meta":{"_acf_changed":false,"_exactmetrics_skip_tracking":false,"_exactmetrics_sitenote_active":false,"_exactmetrics_sitenote_note":"","_exactmetrics_sitenote_category":0,"footnotes":""},"class_list":["post-404","page","type-page","status-publish","hentry"],"acf":[],"yoast_head":"<!-- This site is optimized with the Yoast SEO plugin v27.1.1 - https:\/\/yoast.com\/product\/yoast-seo-wordpress\/ -->\n<title>Cz\u0119ste pytania - Socjografka: sklep on-line: szablony prezentacji i grafik<\/title>\n<meta name=\"robots\" content=\"index, follow, max-snippet:-1, max-image-preview:large, max-video-preview:-1\" \/>\n<link rel=\"canonical\" href=\"https:\/\/socjografka.pl\/sklep\/czeste-pytania\/\" \/>\n<meta property=\"og:locale\" content=\"pl_PL\" \/>\n<meta property=\"og:type\" content=\"article\" \/>\n<meta property=\"og:title\" content=\"Cz\u0119ste pytania - Socjografka: sklep on-line: szablony prezentacji i grafik\" \/>\n<meta property=\"og:description\" content=\"Najcz\u0119\u015bciej zadawane pytania Masz w\u0105tpliwo\u015bci czy materia\u0142y w sklepie Socjografki s\u0105 dla Ciebie? Je\u015bli w opisach produkt\u00f3w nie znajdziesz istotnych dla Ciebie informacji, polecam Ci przeczytanie poni\u017cszych pyta\u0144 i odpowiedzi. Mam nadziej\u0119, \u017ce pomog\u0105 Ci one w podj\u0119ciu decyzji o zakupie. Potrzebujesz innych informacji: zapraszam do kontaktu mailowego\u00a0sklep@socjografka.pl W jakiej formie otrzymam zam\u00f3wiony produkt? Jak [...]\" \/>\n<meta property=\"og:url\" content=\"https:\/\/socjografka.pl\/sklep\/czeste-pytania\/\" \/>\n<meta property=\"og:site_name\" content=\"Socjografka: sklep on-line: szablony prezentacji i grafik\" \/>\n<meta property=\"article:modified_time\" content=\"2020-03-03T16:45:54+00:00\" \/>\n<meta name=\"twitter:card\" content=\"summary_large_image\" \/>\n<meta name=\"twitter:label1\" content=\"Szacowany czas czytania\" \/>\n\t<meta name=\"twitter:data1\" content=\"8 minut\" \/>\n<script type=\"application\/ld+json\" class=\"yoast-schema-graph\">{\"@context\":\"https:\/\/schema.org\",\"@graph\":[{\"@type\":\"WebPage\",\"@id\":\"https:\/\/socjografka.pl\/sklep\/czeste-pytania\/\",\"url\":\"https:\/\/socjografka.pl\/sklep\/czeste-pytania\/\",\"name\":\"Cz\u0119ste pytania - Socjografka: sklep on-line: szablony prezentacji i grafik\",\"isPartOf\":{\"@id\":\"https:\/\/socjografka.pl\/sklep\/#website\"},\"datePublished\":\"2018-08-30T12:54:46+00:00\",\"dateModified\":\"2020-03-03T16:45:54+00:00\",\"breadcrumb\":{\"@id\":\"https:\/\/socjografka.pl\/sklep\/czeste-pytania\/#breadcrumb\"},\"inLanguage\":\"pl-PL\",\"potentialAction\":[{\"@type\":\"ReadAction\",\"target\":[\"https:\/\/socjografka.pl\/sklep\/czeste-pytania\/\"]}]},{\"@type\":\"BreadcrumbList\",\"@id\":\"https:\/\/socjografka.pl\/sklep\/czeste-pytania\/#breadcrumb\",\"itemListElement\":[{\"@type\":\"ListItem\",\"position\":1,\"name\":\"Strona g\u0142\u00f3wna\",\"item\":\"https:\/\/socjografka.pl\/sklep\/\"},{\"@type\":\"ListItem\",\"position\":2,\"name\":\"Cz\u0119ste pytania\"}]},{\"@type\":\"WebSite\",\"@id\":\"https:\/\/socjografka.pl\/sklep\/#website\",\"url\":\"https:\/\/socjografka.pl\/sklep\/\",\"name\":\"Socjografka: sklep on-line: szablony prezentacji i grafik\",\"description\":\"szablony i wzory prezentacji, dyplom\u00f3w, grafik do social media\",\"potentialAction\":[{\"@type\":\"SearchAction\",\"target\":{\"@type\":\"EntryPoint\",\"urlTemplate\":\"https:\/\/socjografka.pl\/sklep\/?s={search_term_string}\"},\"query-input\":{\"@type\":\"PropertyValueSpecification\",\"valueRequired\":true,\"valueName\":\"search_term_string\"}}],\"inLanguage\":\"pl-PL\"}]}<\/script>\n<!-- \/ Yoast SEO plugin. -->","yoast_head_json":{"title":"Cz\u0119ste pytania - Socjografka: sklep on-line: szablony prezentacji i grafik","robots":{"index":"index","follow":"follow","max-snippet":"max-snippet:-1","max-image-preview":"max-image-preview:large","max-video-preview":"max-video-preview:-1"},"canonical":"https:\/\/socjografka.pl\/sklep\/czeste-pytania\/","og_locale":"pl_PL","og_type":"article","og_title":"Cz\u0119ste pytania - Socjografka: sklep on-line: szablony prezentacji i grafik","og_description":"Najcz\u0119\u015bciej zadawane pytania Masz w\u0105tpliwo\u015bci czy materia\u0142y w sklepie Socjografki s\u0105 dla Ciebie? Je\u015bli w opisach produkt\u00f3w nie znajdziesz istotnych dla Ciebie informacji, polecam Ci przeczytanie poni\u017cszych pyta\u0144 i odpowiedzi. Mam nadziej\u0119, \u017ce pomog\u0105 Ci one w podj\u0119ciu decyzji o zakupie. Potrzebujesz innych informacji: zapraszam do kontaktu mailowego\u00a0sklep@socjografka.pl W jakiej formie otrzymam zam\u00f3wiony produkt? Jak [...]","og_url":"https:\/\/socjografka.pl\/sklep\/czeste-pytania\/","og_site_name":"Socjografka: sklep on-line: szablony prezentacji i grafik","article_modified_time":"2020-03-03T16:45:54+00:00","twitter_card":"summary_large_image","twitter_misc":{"Szacowany czas czytania":"8 minut"},"schema":{"@context":"https:\/\/schema.org","@graph":[{"@type":"WebPage","@id":"https:\/\/socjografka.pl\/sklep\/czeste-pytania\/","url":"https:\/\/socjografka.pl\/sklep\/czeste-pytania\/","name":"Cz\u0119ste pytania - Socjografka: sklep on-line: szablony prezentacji i grafik","isPartOf":{"@id":"https:\/\/socjografka.pl\/sklep\/#website"},"datePublished":"2018-08-30T12:54:46+00:00","dateModified":"2020-03-03T16:45:54+00:00","breadcrumb":{"@id":"https:\/\/socjografka.pl\/sklep\/czeste-pytania\/#breadcrumb"},"inLanguage":"pl-PL","potentialAction":[{"@type":"ReadAction","target":["https:\/\/socjografka.pl\/sklep\/czeste-pytania\/"]}]},{"@type":"BreadcrumbList","@id":"https:\/\/socjografka.pl\/sklep\/czeste-pytania\/#breadcrumb","itemListElement":[{"@type":"ListItem","position":1,"name":"Strona g\u0142\u00f3wna","item":"https:\/\/socjografka.pl\/sklep\/"},{"@type":"ListItem","position":2,"name":"Cz\u0119ste pytania"}]},{"@type":"WebSite","@id":"https:\/\/socjografka.pl\/sklep\/#website","url":"https:\/\/socjografka.pl\/sklep\/","name":"Socjografka: sklep on-line: szablony prezentacji i grafik","description":"szablony i wzory prezentacji, dyplom\u00f3w, grafik do social media","potentialAction":[{"@type":"SearchAction","target":{"@type":"EntryPoint","urlTemplate":"https:\/\/socjografka.pl\/sklep\/?s={search_term_string}"},"query-input":{"@type":"PropertyValueSpecification","valueRequired":true,"valueName":"search_term_string"}}],"inLanguage":"pl-PL"}]}},"_links":{"self":[{"href":"https:\/\/socjografka.pl\/sklep\/wp-json\/wp\/v2\/pages\/404","targetHints":{"allow":["GET"]}}],"collection":[{"href":"https:\/\/socjografka.pl\/sklep\/wp-json\/wp\/v2\/pages"}],"about":[{"href":"https:\/\/socjografka.pl\/sklep\/wp-json\/wp\/v2\/types\/page"}],"author":[{"embeddable":true,"href":"https:\/\/socjografka.pl\/sklep\/wp-json\/wp\/v2\/users\/3"}],"replies":[{"embeddable":true,"href":"https:\/\/socjografka.pl\/sklep\/wp-json\/wp\/v2\/comments?post=404"}],"version-history":[{"count":45,"href":"https:\/\/socjografka.pl\/sklep\/wp-json\/wp\/v2\/pages\/404\/revisions"}],"predecessor-version":[{"id":1731,"href":"https:\/\/socjografka.pl\/sklep\/wp-json\/wp\/v2\/pages\/404\/revisions\/1731"}],"wp:attachment":[{"href":"https:\/\/socjografka.pl\/sklep\/wp-json\/wp\/v2\/media?parent=404"}],"curies":[{"name":"wp","href":"https:\/\/api.w.org\/{rel}","templated":true}]}}