{"id":1216,"date":"2018-11-21T10:41:27","date_gmt":"2018-11-21T09:41:27","guid":{"rendered":"https:\/\/socjografka.pl\/sklep\/?page_id=1216"},"modified":"2019-02-27T09:54:50","modified_gmt":"2019-02-27T08:54:50","slug":"platnosci","status":"publish","type":"page","link":"https:\/\/socjografka.pl\/sklep\/platnosci\/","title":{"rendered":"P\u0142atno\u015bci"},"content":{"rendered":"<h1>Zakupy w sklepie Socjografki<\/h1>\n<p>Kontakt ze sprzedawc\u0105 jest mo\u017cliwy pod adresem e-mail <strong>sklep@socjografka.pl<\/strong>.<\/p>\n<hr \/>\n<p>&nbsp;<\/p>\n<h3>Zap\u0142ata za produkty<\/h3>\n<p>Za produkty w sklepie mo\u017cesz zap\u0142aci\u0107 za pomoc\u0105 bezpiecznego systemu p\u0142atno\u015bci Przelewy24. Wystarczy, \u017ce wybierzesz jeden z bank\u00f3w w kt\u00f3rym masz konto i po\u0142\u0105czysz si\u0119 z nim za pomoc\u0105 szyfrowanego po\u0142\u0105czenia. W ramach us\u0142ugi Przelewy24 istnieje mo\u017cliwo\u015b\u0107 p\u0142acenia kartami MasterCard oraz Visa.<\/p>\n<p>Mo\u017cesz te\u017c wybra\u0107 opcj\u0119 tradycyjnego przelewu bankowego &#8211; wtedy pliki elektroniczne zostan\u0105 do Ciebie wys\u0142ane po tym jak \u015brodki znajd\u0105 si\u0119 na moim koncie. Na chwil\u0119 obecn\u0105 za zakupy nie mo\u017cna p\u0142aci\u0107 kartami kredytowymi.<\/p>\n<h3>Dane do przelewu tradycyjnego:<\/h3>\n<p>Socjografka Dominika Siwi\u0144ska<br \/>\nMiko\u0142aja Reja 47, 05-806 Granica<br \/>\nNIP: 5342252948<br \/>\n<strong>Konto: 49 1140 2004 0000 3202 7496 8387<\/strong><\/p>\n<p>&nbsp;<\/p>\n<hr \/>\n<h3>Zawieranie umowy<\/h3>\n<ol>\n<li>W celu zakupu produktu elektronicznego musisz podj\u0105\u0107 nast\u0119puj\u0105ce kroki:\n<ul>\n<li>doda\u0107 produkt lub produkty do koszyka, klikaj\u0105c w przycisk \u201eDodaj do koszyka\u201d,<\/li>\n<li>z widoku koszyka klikn\u0105\u0107 w przycisk \u201ePrzejd\u017a do kasy\u201d lub od razu przej\u015b\u0107 do sk\u0142adania zam\u00f3wienia, klikaj\u0105c \u201eZam\u00f3wienie\u201d,<\/li>\n<li>wype\u0142ni\u0107 formularz zam\u00f3wienia, podaj\u0105c dane niezb\u0119dne do realizacji zam\u00f3wienia i wybieraj\u0105c spos\u00f3b p\u0142atno\u015bci; je\u017celi nie masz konta w Sklepie, mo\u017cesz w tym momencie zadecydowa\u0107 o jego za\u0142o\u017ceniu,<\/li>\n<li>opcjonalnie zaznacz pole wyboru &#8222;Chc\u0119 otrzyma\u0107 faktur\u0119&#8221;, je\u015bli potrzebujesz faktur\u0119 VAT<\/li>\n<li>zaakceptuj Regulamin oraz zrzeczenie si\u0119 prawa do zwrotu w zwi\u0105zku z zakupem produktu elektronicznego: akceptacja tych zg\u00f3d jest dobrowolna, ale niezb\u0119dna do dokonania zakupu,<\/li>\n<li>wybra\u0107 spos\u00f3b p\u0142atno\u015bci Przelewy24 lub przelew tradycyjny,<\/li>\n<li>klikn\u0105\u0107 w przycisk \u201eKupuj\u0119 i p\u0142ac\u0119\u201d.<\/li>\n<\/ul>\n<\/li>\n<li>Wybierz opcj\u0119 zap\u0142aty:\n<ul>\n<li>Przy wyborze opcji przelewu tradycyjnego i akceptacji Regulaminu, zostaniesz przeniesiony na stron\u0119 z potwierdzeniem Zam\u00f3wienia. Zam\u00f3wienie zostanie zrealizowane dopiero po tym jak otrzymam zap\u0142at\u0119 za wybrane przez Ciebie produkty.<\/li>\n<li>W przypadku wyboru opcji Przelewy24, zostaniesz przeniesiony na stron\u0119 Przelewy24 w celu dokonania zap\u0142aty za wybrane produkty elektroniczne. Po skutecznym dokonaniu p\u0142atno\u015bci, zostaniesz przeniesiony na stron\u0119 z potwierdzeniem zakupu. Z t\u0105 chwil\u0105 umow\u0119 o dostarczenie tre\u015bci cyfrowych w postaci wybranych produkt\u00f3w elektronicznych uwa\u017ca si\u0119 za zawart\u0105. Potwierdzenie zakupu otrzymasz r\u00f3wnie\u017c na adres e-mail podany w formularzu zam\u00f3wienia.<\/li>\n<\/ul>\n<\/li>\n<\/ol>\n<p>&nbsp;<\/p>\n<p><strong>\u017bycz\u0119 udanych zakup\u00f3w:-)\u00a0<\/strong>Dominika Siwi\u0144ska<\/p>\n<hr \/>\n<p>Wi\u0119cej informacji znajdziesz w <strong><a href=\"https:\/\/socjografka.pl\/sklep\/regulamin\/\" target=\"_blank\" rel=\"noopener\">Regulaminie<\/a><\/strong>. Je\u015bli masz jakie\u015b w\u0105tpliwo\u015bci, zajrzyj do <strong><a href=\"https:\/\/socjografka.pl\/sklep\/czeste-pytania\/\" target=\"_blank\" rel=\"noopener\">Cz\u0119ste pytania<\/a><\/strong>. Zasady przetwarzania danych osobowych oraz wykorzystywania plik\u00f3w cookies opisane zosta\u0142y w <strong><a href=\"https:\/\/socjografka.pl\/sklep\/polityka-prywatnosci\/\" target=\"_blank\" rel=\"noopener\">Polityce prywatno\u015bci<\/a><\/strong>.<\/p>\n<p>&nbsp;<\/p>\n","protected":false},"excerpt":{"rendered":"<p>Zakupy w sklepie Socjografki Kontakt ze sprzedawc\u0105 jest mo\u017cliwy pod adresem e-mail sklep@socjografka.pl. &nbsp; Zap\u0142ata za produkty Za produkty w sklepie mo\u017cesz zap\u0142aci\u0107 za pomoc\u0105 bezpiecznego systemu p\u0142atno\u015bci Przelewy24. Wystarczy, \u017ce wybierzesz jeden z bank\u00f3w w kt\u00f3rym masz konto i po\u0142\u0105czysz si\u0119 z nim za pomoc\u0105 szyfrowanego po\u0142\u0105czenia. W ramach us\u0142ugi Przelewy24 istnieje mo\u017cliwo\u015b\u0107 p\u0142acenia [&#8230;]\n","protected":false},"author":3,"featured_media":0,"parent":0,"menu_order":0,"comment_status":"closed","ping_status":"closed","template":"","meta":{"_acf_changed":false,"_exactmetrics_skip_tracking":false,"_exactmetrics_sitenote_active":false,"_exactmetrics_sitenote_note":"","_exactmetrics_sitenote_category":0,"footnotes":""},"class_list":["post-1216","page","type-page","status-publish","hentry"],"acf":[],"yoast_head":"<!-- This site is optimized with the Yoast SEO plugin v27.1.1 - https:\/\/yoast.com\/product\/yoast-seo-wordpress\/ -->\n<title>P\u0142atno\u015bci - Socjografka: sklep on-line: szablony prezentacji i grafik<\/title>\n<meta name=\"robots\" content=\"index, follow, max-snippet:-1, max-image-preview:large, max-video-preview:-1\" \/>\n<link rel=\"canonical\" href=\"https:\/\/socjografka.pl\/sklep\/platnosci\/\" \/>\n<meta property=\"og:locale\" content=\"pl_PL\" \/>\n<meta property=\"og:type\" content=\"article\" \/>\n<meta property=\"og:title\" content=\"P\u0142atno\u015bci - Socjografka: sklep on-line: szablony prezentacji i grafik\" \/>\n<meta property=\"og:description\" content=\"Zakupy w sklepie Socjografki Kontakt ze sprzedawc\u0105 jest mo\u017cliwy pod adresem e-mail sklep@socjografka.pl. &nbsp; Zap\u0142ata za produkty Za produkty w sklepie mo\u017cesz zap\u0142aci\u0107 za pomoc\u0105 bezpiecznego systemu p\u0142atno\u015bci Przelewy24. Wystarczy, \u017ce wybierzesz jeden z bank\u00f3w w kt\u00f3rym masz konto i po\u0142\u0105czysz si\u0119 z nim za pomoc\u0105 szyfrowanego po\u0142\u0105czenia. W ramach us\u0142ugi Przelewy24 istnieje mo\u017cliwo\u015b\u0107 p\u0142acenia [...]\" \/>\n<meta property=\"og:url\" content=\"https:\/\/socjografka.pl\/sklep\/platnosci\/\" \/>\n<meta property=\"og:site_name\" content=\"Socjografka: sklep on-line: szablony prezentacji i grafik\" \/>\n<meta property=\"article:modified_time\" content=\"2019-02-27T08:54:50+00:00\" \/>\n<meta name=\"twitter:card\" content=\"summary_large_image\" \/>\n<meta name=\"twitter:label1\" content=\"Szacowany czas czytania\" \/>\n\t<meta name=\"twitter:data1\" content=\"2 minuty\" \/>\n<script type=\"application\/ld+json\" class=\"yoast-schema-graph\">{\"@context\":\"https:\/\/schema.org\",\"@graph\":[{\"@type\":\"WebPage\",\"@id\":\"https:\/\/socjografka.pl\/sklep\/platnosci\/\",\"url\":\"https:\/\/socjografka.pl\/sklep\/platnosci\/\",\"name\":\"P\u0142atno\u015bci - Socjografka: sklep on-line: szablony prezentacji i grafik\",\"isPartOf\":{\"@id\":\"https:\/\/socjografka.pl\/sklep\/#website\"},\"datePublished\":\"2018-11-21T09:41:27+00:00\",\"dateModified\":\"2019-02-27T08:54:50+00:00\",\"breadcrumb\":{\"@id\":\"https:\/\/socjografka.pl\/sklep\/platnosci\/#breadcrumb\"},\"inLanguage\":\"pl-PL\",\"potentialAction\":[{\"@type\":\"ReadAction\",\"target\":[\"https:\/\/socjografka.pl\/sklep\/platnosci\/\"]}]},{\"@type\":\"BreadcrumbList\",\"@id\":\"https:\/\/socjografka.pl\/sklep\/platnosci\/#breadcrumb\",\"itemListElement\":[{\"@type\":\"ListItem\",\"position\":1,\"name\":\"Strona g\u0142\u00f3wna\",\"item\":\"https:\/\/socjografka.pl\/sklep\/\"},{\"@type\":\"ListItem\",\"position\":2,\"name\":\"P\u0142atno\u015bci\"}]},{\"@type\":\"WebSite\",\"@id\":\"https:\/\/socjografka.pl\/sklep\/#website\",\"url\":\"https:\/\/socjografka.pl\/sklep\/\",\"name\":\"Socjografka: sklep on-line: szablony prezentacji i grafik\",\"description\":\"szablony i wzory prezentacji, dyplom\u00f3w, grafik do social media\",\"potentialAction\":[{\"@type\":\"SearchAction\",\"target\":{\"@type\":\"EntryPoint\",\"urlTemplate\":\"https:\/\/socjografka.pl\/sklep\/?s={search_term_string}\"},\"query-input\":{\"@type\":\"PropertyValueSpecification\",\"valueRequired\":true,\"valueName\":\"search_term_string\"}}],\"inLanguage\":\"pl-PL\"}]}<\/script>\n<!-- \/ Yoast SEO plugin. -->","yoast_head_json":{"title":"P\u0142atno\u015bci - Socjografka: sklep on-line: szablony prezentacji i grafik","robots":{"index":"index","follow":"follow","max-snippet":"max-snippet:-1","max-image-preview":"max-image-preview:large","max-video-preview":"max-video-preview:-1"},"canonical":"https:\/\/socjografka.pl\/sklep\/platnosci\/","og_locale":"pl_PL","og_type":"article","og_title":"P\u0142atno\u015bci - Socjografka: sklep on-line: szablony prezentacji i grafik","og_description":"Zakupy w sklepie Socjografki Kontakt ze sprzedawc\u0105 jest mo\u017cliwy pod adresem e-mail sklep@socjografka.pl. &nbsp; Zap\u0142ata za produkty Za produkty w sklepie mo\u017cesz zap\u0142aci\u0107 za pomoc\u0105 bezpiecznego systemu p\u0142atno\u015bci Przelewy24. Wystarczy, \u017ce wybierzesz jeden z bank\u00f3w w kt\u00f3rym masz konto i po\u0142\u0105czysz si\u0119 z nim za pomoc\u0105 szyfrowanego po\u0142\u0105czenia. W ramach us\u0142ugi Przelewy24 istnieje mo\u017cliwo\u015b\u0107 p\u0142acenia [...]","og_url":"https:\/\/socjografka.pl\/sklep\/platnosci\/","og_site_name":"Socjografka: sklep on-line: szablony prezentacji i grafik","article_modified_time":"2019-02-27T08:54:50+00:00","twitter_card":"summary_large_image","twitter_misc":{"Szacowany czas czytania":"2 minuty"},"schema":{"@context":"https:\/\/schema.org","@graph":[{"@type":"WebPage","@id":"https:\/\/socjografka.pl\/sklep\/platnosci\/","url":"https:\/\/socjografka.pl\/sklep\/platnosci\/","name":"P\u0142atno\u015bci - Socjografka: sklep on-line: szablony prezentacji i grafik","isPartOf":{"@id":"https:\/\/socjografka.pl\/sklep\/#website"},"datePublished":"2018-11-21T09:41:27+00:00","dateModified":"2019-02-27T08:54:50+00:00","breadcrumb":{"@id":"https:\/\/socjografka.pl\/sklep\/platnosci\/#breadcrumb"},"inLanguage":"pl-PL","potentialAction":[{"@type":"ReadAction","target":["https:\/\/socjografka.pl\/sklep\/platnosci\/"]}]},{"@type":"BreadcrumbList","@id":"https:\/\/socjografka.pl\/sklep\/platnosci\/#breadcrumb","itemListElement":[{"@type":"ListItem","position":1,"name":"Strona g\u0142\u00f3wna","item":"https:\/\/socjografka.pl\/sklep\/"},{"@type":"ListItem","position":2,"name":"P\u0142atno\u015bci"}]},{"@type":"WebSite","@id":"https:\/\/socjografka.pl\/sklep\/#website","url":"https:\/\/socjografka.pl\/sklep\/","name":"Socjografka: sklep on-line: szablony prezentacji i grafik","description":"szablony i wzory prezentacji, dyplom\u00f3w, grafik do social media","potentialAction":[{"@type":"SearchAction","target":{"@type":"EntryPoint","urlTemplate":"https:\/\/socjografka.pl\/sklep\/?s={search_term_string}"},"query-input":{"@type":"PropertyValueSpecification","valueRequired":true,"valueName":"search_term_string"}}],"inLanguage":"pl-PL"}]}},"_links":{"self":[{"href":"https:\/\/socjografka.pl\/sklep\/wp-json\/wp\/v2\/pages\/1216","targetHints":{"allow":["GET"]}}],"collection":[{"href":"https:\/\/socjografka.pl\/sklep\/wp-json\/wp\/v2\/pages"}],"about":[{"href":"https:\/\/socjografka.pl\/sklep\/wp-json\/wp\/v2\/types\/page"}],"author":[{"embeddable":true,"href":"https:\/\/socjografka.pl\/sklep\/wp-json\/wp\/v2\/users\/3"}],"replies":[{"embeddable":true,"href":"https:\/\/socjografka.pl\/sklep\/wp-json\/wp\/v2\/comments?post=1216"}],"version-history":[{"count":14,"href":"https:\/\/socjografka.pl\/sklep\/wp-json\/wp\/v2\/pages\/1216\/revisions"}],"predecessor-version":[{"id":1413,"href":"https:\/\/socjografka.pl\/sklep\/wp-json\/wp\/v2\/pages\/1216\/revisions\/1413"}],"wp:attachment":[{"href":"https:\/\/socjografka.pl\/sklep\/wp-json\/wp\/v2\/media?parent=1216"}],"curies":[{"name":"wp","href":"https:\/\/api.w.org\/{rel}","templated":true}]}}